{"id":102,"date":"2011-07-27T13:20:18","date_gmt":"2011-07-27T13:20:18","guid":{"rendered":"http:\/\/www.kneippverein-ingolstadt.de\/wp\/?page_id=102"},"modified":"2019-08-14T18:04:56","modified_gmt":"2019-08-14T18:04:56","slug":"wasser","status":"publish","type":"page","link":"https:\/\/www.kneippverein-ingolstadt.de\/?page_id=102","title":{"rendered":"Wasser"},"content":{"rendered":"<div id=\"pl-gb102-69e4ecef419a7\"  class=\"panel-layout\" ><div id=\"pg-gb102-69e4ecef419a7-0\"  class=\"panel-grid panel-no-style\" ><div id=\"pgc-gb102-69e4ecef419a7-0-0\"  class=\"panel-grid-cell\" ><div id=\"panel-gb102-69e4ecef419a7-0-0-0\" class=\"so-panel widget widget_sow-editor panel-first-child panel-last-child\" data-index=\"0\" ><div\n\t\t\t\n\t\t\tclass=\"so-widget-sow-editor so-widget-sow-editor-base\"\n\t\t\t\n\t\t>\n<div class=\"siteorigin-widget-tinymce textwidget\">\n\t<h1>Wasser<\/h1>\n<p>Es ist dieses nat\u00fcrliche Heilmittel, das Sebastian Kneipp den Beinamen \u201eWasserdoktor\u201c eintrug und das er tats\u00e4chlich als wichtiges Fundament f\u00fcr ein gesundes Leben betrachtete und verwendete. Am bekanntesten ist wohl das Wassertreten, bei dem man wie der sprichw\u00f6rtliche Storch im Salat durch fast kniehohes Wasser im Becken (oder Badewanne oder was-immer) schreitet. Aber auch Waschungen und G\u00fcsse \u2013 hei\u00df, kalt oder wechselnd und je nach Bedarf an unterschiedlichen K\u00f6rperstellen im Einsatz \u2013 haben heilende und vorbeugende Wirkung auf den gesamten Organismus und Kneipp entwickelte all diese Anwendungen und kombinierte sie. Seine scharfe Beobachtungsgabe und ein stetig wachsendes medizinisches und seelsorgerisches Wissen brachten ihm umfassende Erfahrung und sehr viel heilerischen Erfolg ein. Kneipp hat gl\u00fccklicherweise viele seiner F\u00e4lle und Therapien dokumentiert. Er unterteilte die Wassertherapie in drei Kategorien:<\/p>\n<ul style=\"list-style-type: square;\">\n<li>Sanfte Reize wecken die Lebenskr\u00e4fte<\/li>\n<li>Mittlere Reize st\u00e4rken die Lebenskr\u00e4fte<\/li>\n<li>Allzu starke Reize schaden nur, denn sie schw\u00e4chen den Organismus<\/li>\n<\/ul>\n<p>&nbsp;<\/p>\n<p>Grunds\u00e4tzlich st\u00e4rken Wasseranwendungen die Abwehrkr\u00e4fte und das vegetative Nervensystem, sie wirken harmonisierend auf alle Systeme im K\u00f6rper und f\u00f6rdern die seelische Gelassenheit.<\/p>\n<p>Das Wasser heilt aber nicht nur durch Temperaturwirkung, sondern es ist auch wichtiger Tr\u00e4ger f\u00fcr die Wirkstoffe von Heilpflanzen. Ob als Pfefferminztee f\u00fcr die St\u00e4rkung von innen oder mit Badezusatz f\u00fcr die Behaglichkeit, ob Urelement etwa beim Aqua-Jogging \u2013 Wasser ist eigentlich von selbst schon eine Art \u201eDoktor\u201c.<\/p>\n<\/div>\n<\/div><\/div><\/div><\/div><\/div>","protected":false},"excerpt":{"rendered":"<p>Wasser Es ist dieses nat\u00fcrliche Heilmittel, das Sebastian Kneipp den Beinamen \u201eWasserdoktor\u201c eintrug und das er tats\u00e4chlich als wichtiges Fundament f\u00fcr ein gesundes Leben betrachtete und verwendete. Am bekanntesten ist wohl das Wassertreten, bei dem man wie der sprichw\u00f6rtliche Storch &hellip; <a href=\"https:\/\/www.kneippverein-ingolstadt.de\/?page_id=102\">Weiterlesen <span class=\"meta-nav\">&rarr;<\/span><\/a><\/p>\n","protected":false},"author":3,"featured_media":0,"parent":22,"menu_order":0,"comment_status":"closed","ping_status":"closed","template":"","meta":{"_eb_attr":"","ngg_post_thumbnail":0,"footnotes":""},"class_list":["post-102","page","type-page","status-publish","hentry"],"_links":{"self":[{"href":"https:\/\/www.kneippverein-ingolstadt.de\/index.php?rest_route=\/wp\/v2\/pages\/102","targetHints":{"allow":["GET"]}}],"collection":[{"href":"https:\/\/www.kneippverein-ingolstadt.de\/index.php?rest_route=\/wp\/v2\/pages"}],"about":[{"href":"https:\/\/www.kneippverein-ingolstadt.de\/index.php?rest_route=\/wp\/v2\/types\/page"}],"author":[{"embeddable":true,"href":"https:\/\/www.kneippverein-ingolstadt.de\/index.php?rest_route=\/wp\/v2\/users\/3"}],"replies":[{"embeddable":true,"href":"https:\/\/www.kneippverein-ingolstadt.de\/index.php?rest_route=%2Fwp%2Fv2%2Fcomments&post=102"}],"version-history":[{"count":9,"href":"https:\/\/www.kneippverein-ingolstadt.de\/index.php?rest_route=\/wp\/v2\/pages\/102\/revisions"}],"predecessor-version":[{"id":6374,"href":"https:\/\/www.kneippverein-ingolstadt.de\/index.php?rest_route=\/wp\/v2\/pages\/102\/revisions\/6374"}],"up":[{"embeddable":true,"href":"https:\/\/www.kneippverein-ingolstadt.de\/index.php?rest_route=\/wp\/v2\/pages\/22"}],"wp:attachment":[{"href":"https:\/\/www.kneippverein-ingolstadt.de\/index.php?rest_route=%2Fwp%2Fv2%2Fmedia&parent=102"}],"curies":[{"name":"wp","href":"https:\/\/api.w.org\/{rel}","templated":true}]}}