{"id":109,"date":"2011-07-27T13:22:17","date_gmt":"2011-07-27T13:22:17","guid":{"rendered":"http:\/\/www.kneippverein-ingolstadt.de\/wp\/?page_id=109"},"modified":"2019-08-14T17:39:54","modified_gmt":"2019-08-14T17:39:54","slug":"ernahrung","status":"publish","type":"page","link":"https:\/\/www.kneippverein-ingolstadt.de\/?page_id=109","title":{"rendered":"Ern\u00e4hrung"},"content":{"rendered":"<div id=\"pl-gb109-69e4ec8f0b974\"  class=\"panel-layout\" ><div id=\"pg-gb109-69e4ec8f0b974-0\"  class=\"panel-grid panel-no-style\" ><div id=\"pgc-gb109-69e4ec8f0b974-0-0\"  class=\"panel-grid-cell\" ><div id=\"panel-gb109-69e4ec8f0b974-0-0-0\" class=\"so-panel widget widget_sow-editor panel-first-child panel-last-child\" data-index=\"0\" ><div\n\t\t\t\n\t\t\tclass=\"so-widget-sow-editor so-widget-sow-editor-base\"\n\t\t\t\n\t\t>\n<div class=\"siteorigin-widget-tinymce textwidget\">\n\t<h1>Ern\u00e4hrung<\/h1>\n<p>Eine bedarfsgerechte, vollwertige, schmackhafte, m\u00f6glichst naturbelassene Ern\u00e4hrung ist wichtige Voraussetzung f\u00fcr das Wohlbefinden. Sie tr\u00e4gt zum Gesundbleiben wie zum Gesundwerden bei, indem sie die k\u00f6rpereigenen Schutzsysteme f\u00f6rdert.<\/p>\n<p>Nicht nur die Zusammensetzung der Speisen spielt f\u00fcr diese Wirkung eine Rolle, sondern auch das \u201eZusammensetzen\u201c am Tisch: Genuss, Freude, Ruhe und Zeit geh\u00f6ren ebenso zu einer gesunden Mahlzeit wie K\u00fcchenkr\u00e4uter und Gem\u00fcse.<\/p>\n<h2>Ein paar Tipps:<\/h2>\n<p style=\"padding-left: 30px;\">Essen Sie vielseitig und abwechslungsreich. Verboten hat Sebastian Kneipp nichts &#8211; nur das \u00dcbertreiben. Kneipp meinte: \u201eIm Ma\u00dfe liegt die Ordnung. Jedes Zuviel und jedes Zuwenig stellt an Stelle der Gesundheit Krankheit.\u201c<\/p>\n<p style=\"padding-left: 30px;\">W\u00fcrzen Sie vielseitig: frische Kr\u00e4uter, Knoblauch, Zitrone, Meerrettich oder Zwiebel bieten mehr Geschmacksvarianten als nur Salz und Ketchup<\/p>\n<p style=\"padding-left: 30px;\">Pflanzliche Lebensmittel bevorzugen \u2013 am besten f\u00fcnf mal t\u00e4glich Obst und Gem\u00fcse und daf\u00fcr nur wenig Tierisches<\/p>\n<p style=\"padding-left: 30px;\">Milch (-produkte) am besten t\u00e4glich genie\u00dfen<\/p>\n<p style=\"padding-left: 30px;\">Seefisch einmal die Woche in den Speiseplan einbauen<\/p>\n<p style=\"padding-left: 30px;\">Wenig Fett \u2013 und wennschon, dann kalt gepresst und nicht raffiniert<\/p>\n<p style=\"padding-left: 30px;\">Viel trinken<\/p>\n<p style=\"padding-left: 30px;\">Genussmittel wie Kaffee und Wein d\u00fcrfen Sie ruhig dann und wann genie\u00dfen<\/p>\n<p style=\"padding-left: 30px;\">Lebensmittel aus der Heimat und nach Jahreszeit verwenden<\/p>\n<p style=\"padding-left: 30px;\">Frische Zutaten schonend zubereiten<\/p>\n<p style=\"padding-left: 30px;\">Essen Sie in Ruhe und in angenehmer Atmosph\u00e4re<\/p>\n<\/div>\n<\/div><\/div><\/div><\/div><\/div>","protected":false},"excerpt":{"rendered":"<p>Ern\u00e4hrung Eine bedarfsgerechte, vollwertige, schmackhafte, m\u00f6glichst naturbelassene Ern\u00e4hrung ist wichtige Voraussetzung f\u00fcr das Wohlbefinden. Sie tr\u00e4gt zum Gesundbleiben wie zum Gesundwerden bei, indem sie die k\u00f6rpereigenen Schutzsysteme f\u00f6rdert. Nicht nur die Zusammensetzung der Speisen spielt f\u00fcr diese Wirkung eine Rolle, &hellip; <a href=\"https:\/\/www.kneippverein-ingolstadt.de\/?page_id=109\">Weiterlesen <span class=\"meta-nav\">&rarr;<\/span><\/a><\/p>\n","protected":false},"author":3,"featured_media":0,"parent":22,"menu_order":3,"comment_status":"closed","ping_status":"closed","template":"","meta":{"_eb_attr":"","ngg_post_thumbnail":0,"footnotes":""},"class_list":["post-109","page","type-page","status-publish","hentry"],"_links":{"self":[{"href":"https:\/\/www.kneippverein-ingolstadt.de\/index.php?rest_route=\/wp\/v2\/pages\/109","targetHints":{"allow":["GET"]}}],"collection":[{"href":"https:\/\/www.kneippverein-ingolstadt.de\/index.php?rest_route=\/wp\/v2\/pages"}],"about":[{"href":"https:\/\/www.kneippverein-ingolstadt.de\/index.php?rest_route=\/wp\/v2\/types\/page"}],"author":[{"embeddable":true,"href":"https:\/\/www.kneippverein-ingolstadt.de\/index.php?rest_route=\/wp\/v2\/users\/3"}],"replies":[{"embeddable":true,"href":"https:\/\/www.kneippverein-ingolstadt.de\/index.php?rest_route=%2Fwp%2Fv2%2Fcomments&post=109"}],"version-history":[{"count":3,"href":"https:\/\/www.kneippverein-ingolstadt.de\/index.php?rest_route=\/wp\/v2\/pages\/109\/revisions"}],"predecessor-version":[{"id":6361,"href":"https:\/\/www.kneippverein-ingolstadt.de\/index.php?rest_route=\/wp\/v2\/pages\/109\/revisions\/6361"}],"up":[{"embeddable":true,"href":"https:\/\/www.kneippverein-ingolstadt.de\/index.php?rest_route=\/wp\/v2\/pages\/22"}],"wp:attachment":[{"href":"https:\/\/www.kneippverein-ingolstadt.de\/index.php?rest_route=%2Fwp%2Fv2%2Fmedia&parent=109"}],"curies":[{"name":"wp","href":"https:\/\/api.w.org\/{rel}","templated":true}]}}