{"id":112,"date":"2011-07-27T13:23:38","date_gmt":"2011-07-27T13:23:38","guid":{"rendered":"http:\/\/www.kneippverein-ingolstadt.de\/wp\/?page_id=112"},"modified":"2019-08-14T17:35:01","modified_gmt":"2019-08-14T17:35:01","slug":"ordnung","status":"publish","type":"page","link":"https:\/\/www.kneippverein-ingolstadt.de\/?page_id=112","title":{"rendered":"Ordnung"},"content":{"rendered":"<div id=\"pl-gb112-69e4ec89dc171\"  class=\"panel-layout\" ><div id=\"pg-gb112-69e4ec89dc171-0\"  class=\"panel-grid panel-no-style\" ><div id=\"pgc-gb112-69e4ec89dc171-0-0\"  class=\"panel-grid-cell\" ><div id=\"panel-gb112-69e4ec89dc171-0-0-0\" class=\"so-panel widget widget_sow-editor panel-first-child panel-last-child\" data-index=\"0\" ><div\n\t\t\t\n\t\t\tclass=\"so-widget-sow-editor so-widget-sow-editor-base\"\n\t\t\t\n\t\t>\n<div class=\"siteorigin-widget-tinymce textwidget\">\n\t<h1>Ordnung<\/h1>\n<p>Die Ordnungstherapie basiert auf den Prinzipien der Lebensordnung (griechisch: diaita), jenen Anweisungen zur Gestaltung aller Lebensbereiche, die zur Erhaltung oder Wiederherstellung von Gesundheit notwendig sind und die seit der Antike einen festen Bestandteil von Gesundheitslehren und nat\u00fcrlichen Heilweisen darstellen.<\/p>\n<p>Wird Gesundheit als die stets neu herzustellende Ausgewogenheit zwischen den gesund erhaltenden Kr\u00e4ften im Menschen auf der einen und den belastenden Anforderungen der Umgebung auf der anderen Seite verstanden, dann zielt Ordnungstherapie darauf ab, diese Balance zu erhalten oder wieder herzustellen. Dies geschieht durch jeden Einzelnen selbst, indem er, im Sinne Kneipps, eine gesunde Lebensweise anstrebt, zu der auch das Bem\u00fchen um seelische Ausgeglichenheit, Stresstoleranz und soziale Kompetenz geh\u00f6rt.<\/p>\n<p>Ordnungstherapie als naturheilkundliches Heilverfahren umfasst alle indirekten (p\u00e4dagogischen) und direkten (naturheilkundlich-\u00e4rztlichen) Ma\u00dfnahmen, die geeignet sind, jene Ausgewogenheit zwischen Ressourcen und Anforderungen \u2013 und damit Gesundheit \u2013 zu erhalten oder wieder herzustellen. Hierzu nimmt sie ordnend Einfluss auf die biologischen, die psychosozialen und die spirituellen Regulationsvorg\u00e4nge im Menschen.<\/p>\n<p>Die 5. S\u00e4ule beinhaltet als Voraussetzung f\u00fcr psychische Gesundheit die F\u00e4higkeit, sich selbst in der eigenen biologischen und seelisch-spirituellen Wesenheit zu sehen und zu akzeptieren und sich inmitten der Beziehungen zu den Mitmenschen und zur belebten und unbelebten Natur in Ausgewogenheit weiter zu entwickeln.<\/p>\n<p>\u201eOrdnungstherapie\u201c wird in ihrer umfassenden Bedeutung auch weiterhin nur schwerlich durch einen moderneren Begriff zu ersetzen sein, will man sie nicht auf Teilaspekte wie \u201ePsychohygiene\u201c oder \u201eLebensrhythmus\u201c reduzieren. \u201eOrdnungstherapie\u201c wird ein wertvolles Beh\u00e4ltnis bleiben, dessen Inhalt mit unserem Bewusstsein, mit unseren Erkenntnissen auf dem Gebiet menschlicher Gesundheit und mit unserer spirituellen Reife wachsen wird.<\/p>\n<\/div>\n<\/div><\/div><\/div><\/div><\/div>","protected":false},"excerpt":{"rendered":"<p>Ordnung Die Ordnungstherapie basiert auf den Prinzipien der Lebensordnung (griechisch: diaita), jenen Anweisungen zur Gestaltung aller Lebensbereiche, die zur Erhaltung oder Wiederherstellung von Gesundheit notwendig sind und die seit der Antike einen festen Bestandteil von Gesundheitslehren und nat\u00fcrlichen Heilweisen darstellen. &hellip; <a href=\"https:\/\/www.kneippverein-ingolstadt.de\/?page_id=112\">Weiterlesen <span class=\"meta-nav\">&rarr;<\/span><\/a><\/p>\n","protected":false},"author":3,"featured_media":0,"parent":22,"menu_order":4,"comment_status":"closed","ping_status":"closed","template":"","meta":{"_eb_attr":"","ngg_post_thumbnail":0,"footnotes":""},"class_list":["post-112","page","type-page","status-publish","hentry"],"_links":{"self":[{"href":"https:\/\/www.kneippverein-ingolstadt.de\/index.php?rest_route=\/wp\/v2\/pages\/112","targetHints":{"allow":["GET"]}}],"collection":[{"href":"https:\/\/www.kneippverein-ingolstadt.de\/index.php?rest_route=\/wp\/v2\/pages"}],"about":[{"href":"https:\/\/www.kneippverein-ingolstadt.de\/index.php?rest_route=\/wp\/v2\/types\/page"}],"author":[{"embeddable":true,"href":"https:\/\/www.kneippverein-ingolstadt.de\/index.php?rest_route=\/wp\/v2\/users\/3"}],"replies":[{"embeddable":true,"href":"https:\/\/www.kneippverein-ingolstadt.de\/index.php?rest_route=%2Fwp%2Fv2%2Fcomments&post=112"}],"version-history":[{"count":5,"href":"https:\/\/www.kneippverein-ingolstadt.de\/index.php?rest_route=\/wp\/v2\/pages\/112\/revisions"}],"predecessor-version":[{"id":6360,"href":"https:\/\/www.kneippverein-ingolstadt.de\/index.php?rest_route=\/wp\/v2\/pages\/112\/revisions\/6360"}],"up":[{"embeddable":true,"href":"https:\/\/www.kneippverein-ingolstadt.de\/index.php?rest_route=\/wp\/v2\/pages\/22"}],"wp:attachment":[{"href":"https:\/\/www.kneippverein-ingolstadt.de\/index.php?rest_route=%2Fwp%2Fv2%2Fmedia&parent=112"}],"curies":[{"name":"wp","href":"https:\/\/api.w.org\/{rel}","templated":true}]}}