{"id":12,"date":"2011-07-22T10:18:45","date_gmt":"2011-07-22T10:18:45","guid":{"rendered":"http:\/\/www.kneippverein-ingolstadt.de\/wp\/?page_id=12"},"modified":"2026-01-09T21:49:34","modified_gmt":"2026-01-09T21:49:34","slug":"kurse","status":"publish","type":"page","link":"https:\/\/www.kneippverein-ingolstadt.de\/?page_id=12","title":{"rendered":"Kurse"},"content":{"rendered":"\t\t<div data-elementor-type=\"wp-page\" data-elementor-id=\"12\" class=\"elementor elementor-12\">\n\t\t\t\t<div class=\"elementor-element elementor-element-b4c6ba4 e-flex e-con-boxed e-con e-parent\" data-id=\"b4c6ba4\" data-element_type=\"container\" data-e-type=\"container\">\n\t\t\t\t\t<div class=\"e-con-inner\">\n\t\t\t\t<div class=\"elementor-element elementor-element-eed8bfc elementor-widget elementor-widget-text-editor\" data-id=\"eed8bfc\" data-element_type=\"widget\" data-e-type=\"widget\" data-widget_type=\"text-editor.default\">\n\t\t\t\t\t\t\t\t\t<p>Montag\u00a0 \u00a0 \u00a0 \u00a0 Gymnastik\u00a0 \u00a0 \u00a0 \u00a0 18.30 Uhr &#8211; 19.30 Uhr\u00a0 \u00a0 \u00a0 \u00a0Schule Auf der Schanz\u00a0 \u00a0 \u00a0 Montag\u00a0 \u00a0 \u00a0 \u00a0 Gymnastik\u00a0 \u00a0 \u00a0 \u00a0 19.30 Uhr &#8211; 20.30 Uhr\u00a0 \u00a0 \u00a0 \u00a0Schule Auf der Schanz<br \/><br \/>Dienstag\u00a0 \u00a0 \u00a0 Qi-Gong\u00a0 \u00a0 \u00a0 \u00a0 \u00a0 \u00a0 \u00a014.00 Uhr &#8211; 15.30 Uhr\u00a0 \u00a0 \u00a0 \u00a0Stadtteiltreff Augustin<br \/>Dienstag\u00a0 \u00a0 \u00a0 Yoga\u00a0 \u00a0 \u00a0 \u00a0 \u00a0 \u00a0 \u00a0 \u00a0 \u00a0 19.00 Uhr &#8211; 20.00 Uhr\u00a0 \u00a0 \u00a0 \u00a0Schule Auf der Schanz<br \/><br \/>Mittwoch\u00a0 \u00a0 \u00a0 Aquagym\u00a0 \u00a0 \u00a0 \u00a0 \u00a0 18.00 Uhr &#8211; 19.00 Uhr\u00a0 \u00a0 \u00a0 \u00a0Donautherme\u00a0<\/p>\n<p>Donnerstag\u00a0 Gymnastik\u00a0 \u00a0 \u00a0 \u00a0 09.00 Uhr &#8211; 10.00 Uhr\u00a0 \u00a0 \u00a0 \u00a0Wettkampfarena TSV IN Nord<br \/>Donnerstag\u00a0 Aquagym\u00a0 \u00a0 \u00a0 \u00a0 \u00a0 12.00 Uhr &#8211; 13.00 Uhr\u00a0 \u00a0 \u00a0 \u00a0Donautherme<br \/><br \/>Freitag\u00a0 \u00a0 \u00a0 \u00a0 \u00a0 \u00a0Yoga\u00a0 \u00a0 \u00a0 \u00a0 \u00a0 \u00a0 \u00a0 \u00a0 \u00a0 09.00 Uhr &#8211; 10.00 Uhr\u00a0 \u00a0 \u00a0Wettkampfarena TSV IN Nord<br \/>Freitag\u00a0 \u00a0 \u00a0 \u00a0 \u00a0 \u00a0Aquagym\u00a0 \u00a0 \u00a0 \u00a0 \u00a0 10.00 Uhr &#8211; 11.00 Uhr\u00a0 \u00a0 \u00a0Donautherme<\/p>\t\t\t\t\t\t\t\t<\/div>\n\t\t\t\t\t<\/div>\n\t\t\t\t<\/div>\n\t\t<div class=\"elementor-element elementor-element-c8bd6ac e-flex e-con-boxed e-con e-parent\" data-id=\"c8bd6ac\" data-element_type=\"container\" data-e-type=\"container\">\n\t\t\t\t\t<div class=\"e-con-inner\">\n\t\t\t\t<div class=\"elementor-element elementor-element-b49a5cf elementor-widget elementor-widget-text-editor\" data-id=\"b49a5cf\" data-element_type=\"widget\" data-e-type=\"widget\" data-widget_type=\"text-editor.default\">\n\t\t\t\t\t\t\t\t\t<p><strong>Zusatzangebot:<\/strong><\/p>\n<p><strong>Sonstige Veranstaltungen werden unseren Mitgliedern mit einem halbj\u00e4hrigen Rundbrief mitgeteilt und auf unserer Homepage unter \u201eaktuell\u201c.<\/strong><\/p>\n<p><strong>Zur Information:<\/strong><\/p>\n<ul>\n<li>Unsere \u00f6ffentlichen Vortr\u00e4ge, Ausfl\u00fcge usw.,\u00a0 sind der Tagespresse und der Homepage zu entnehmen.<\/li>\n<li>Folgende Aktivit\u00e4ten und Kurse sind zuk\u00fcnftig geplant:<\/li>\n<li>progressive Muskelentspannung nach Jacobson\u2026<\/li>\n<\/ul>\n<p>\u00a0<\/p>\n<p><strong>Auskunft \u00fcber unsere Aktivit\u00e4ten<\/strong> erhalten Sie bei: H. Heckl<br \/>Tel. 0176\/517 509 06<br \/>oder schreiben Sie uns eine E-Mail: <a title=\"Home\" href=\"mailto:info@kneippverein-ingolstadt.de\">info@kneippverein-ingolstadt.de<\/a>.<\/p>\t\t\t\t\t\t\t\t<\/div>\n\t\t\t\t\t<\/div>\n\t\t\t\t<\/div>\n\t\t\t\t<\/div>\n\t\t","protected":false},"excerpt":{"rendered":"<p>Montag\u00a0 \u00a0 \u00a0 \u00a0 Gymnastik\u00a0 \u00a0 \u00a0 \u00a0 18.30 Uhr &#8211; 19.30 Uhr\u00a0 \u00a0 \u00a0 \u00a0Schule Auf der Schanz\u00a0 \u00a0 \u00a0 Montag\u00a0 \u00a0 \u00a0 \u00a0 Gymnastik\u00a0 \u00a0 \u00a0 \u00a0 19.30 Uhr &#8211; 20.30 Uhr\u00a0 \u00a0 \u00a0 \u00a0Schule Auf der Schanz &hellip; <a href=\"https:\/\/www.kneippverein-ingolstadt.de\/?page_id=12\">Weiterlesen <span class=\"meta-nav\">&rarr;<\/span><\/a><\/p>\n","protected":false},"author":3,"featured_media":0,"parent":0,"menu_order":3,"comment_status":"closed","ping_status":"closed","template":"","meta":{"_eb_attr":"","ngg_post_thumbnail":0,"footnotes":""},"class_list":["post-12","page","type-page","status-publish","hentry"],"_links":{"self":[{"href":"https:\/\/www.kneippverein-ingolstadt.de\/index.php?rest_route=\/wp\/v2\/pages\/12","targetHints":{"allow":["GET"]}}],"collection":[{"href":"https:\/\/www.kneippverein-ingolstadt.de\/index.php?rest_route=\/wp\/v2\/pages"}],"about":[{"href":"https:\/\/www.kneippverein-ingolstadt.de\/index.php?rest_route=\/wp\/v2\/types\/page"}],"author":[{"embeddable":true,"href":"https:\/\/www.kneippverein-ingolstadt.de\/index.php?rest_route=\/wp\/v2\/users\/3"}],"replies":[{"embeddable":true,"href":"https:\/\/www.kneippverein-ingolstadt.de\/index.php?rest_route=%2Fwp%2Fv2%2Fcomments&post=12"}],"version-history":[{"count":84,"href":"https:\/\/www.kneippverein-ingolstadt.de\/index.php?rest_route=\/wp\/v2\/pages\/12\/revisions"}],"predecessor-version":[{"id":7536,"href":"https:\/\/www.kneippverein-ingolstadt.de\/index.php?rest_route=\/wp\/v2\/pages\/12\/revisions\/7536"}],"wp:attachment":[{"href":"https:\/\/www.kneippverein-ingolstadt.de\/index.php?rest_route=%2Fwp%2Fv2%2Fmedia&parent=12"}],"curies":[{"name":"wp","href":"https:\/\/api.w.org\/{rel}","templated":true}]}}