{"id":22,"date":"2011-07-22T10:46:30","date_gmt":"2011-07-22T10:46:30","guid":{"rendered":"http:\/\/www.kneippverein-ingolstadt.de\/wp\/?page_id=22"},"modified":"2019-08-14T18:07:12","modified_gmt":"2019-08-14T18:07:12","slug":"kneipp","status":"publish","type":"page","link":"https:\/\/www.kneippverein-ingolstadt.de\/?page_id=22","title":{"rendered":"Kneipp"},"content":{"rendered":"<div id=\"pl-gb22-69e4ec89dd997\"  class=\"panel-layout\" ><div id=\"pg-gb22-69e4ec89dd997-0\"  class=\"panel-grid panel-no-style\" ><div id=\"pgc-gb22-69e4ec89dd997-0-0\"  class=\"panel-grid-cell\" ><div id=\"panel-gb22-69e4ec89dd997-0-0-0\" class=\"so-panel widget widget_sow-editor panel-first-child panel-last-child\" data-index=\"0\" ><div\n\t\t\t\n\t\t\tclass=\"so-widget-sow-editor so-widget-sow-editor-base\"\n\t\t\t\n\t\t>\n<div class=\"siteorigin-widget-tinymce textwidget\">\n\t<h1>Die 5 S\u00e4ulen<\/h1>\n<table style=\"width: 123px;\" border=\"0\" frame=\"void\" rules=\"none\" cellspacing=\"0\" cellpadding=\"5\" align=\"left\">\n<tbody>\n<tr>\n<td><img decoding=\"async\" src=\"https:\/\/www.kneippverein-ingolstadt.de\/wp-content\/uploads\/2011\/07\/kneipp_portrait.jpg\" alt=\"\" width=\"95\" height=\"158\" border=\"0\"\/><br \/>\n<span style=\"font-size: x-small;\">Sebastian Kneipp<\/span><\/td>\n<\/tr>\n<\/tbody>\n<\/table>\n<p>Sebastian Kneipp (1821 bis 1897) tr\u00e4gt den Beinamen \u201eWasserdoktor\u201c, war aber in Wirklichkeit Pfarrer. Er wusste schon sehr fr\u00fch, dass er diesen Beruf ergreifen wollte, und schaffte es trotz vieler Hindernisse sein Ziel zu erreichen. Als er an TBC erkrankte, heilte er sich durch eiskalte B\u00e4der in der Donau und entwickelte sp\u00e4ter aus dieser Erfahrung ein ganzheitliches Gesundheitskonzept, mit dem er Kranke heilte und dadurch zu gro\u00dfem Ruhm gelangte; gleichzeitig wies er immer wieder auf die vorbeugende Wirkung einer gesunden Lebensweise hin. Kneipp selbst verstand sich als Pfarrer und heilte, weil der Herrgott ihm diese Aufgabe stellte, nicht aus medizinischem oder gesellschaftlichem Ehrgeiz. Er richtete 3 Stiftungen ein: das Kneippianum, das Sebastianeum und die Kneippsche Kinderheilst\u00e4tte&nbsp;und galt auch sonst als grundg\u00fctiger Mensch. Ob reich oder arm, er machte bei seinen Patienten keinen Unterschied.<\/p>\n<p>Eine scharfe Beobachtungsgabe und die gro\u00dfe Zahl der Patienten verhalfen Kneipp zu einem immensen Wissen \u00fcber Diagnostik und Naturheilkunde. So sehr, dass die \u00c4rztezeitung ihm nach seinem Tod einen wohlwollenden Nachruf widmete \u2013 erstaunlich, denn die studierten Mediziner hatten jahrelang versucht, den erfolgreichen Rivalen wegen Kurpfuscherei ins Gef\u00e4ngnis zu bringen. Kneipp hinterlie\u00df der Nachwelt viele Schriften. Am bekanntesten sind wohl: \u201e<a href=\"http:\/\/www.kneippverlag.de\/shop\/pd-1588128941.htm?defaultVariants=search0_EQ_A0050_AND_%7BEOL%7D&amp;categoryId=40\" target=\"_blank\" rel=\"noopener\">So sollt ihr leben<\/a>&#8220; und \u201e<a href=\"http:\/\/www.kneippverlag.de\/shop\/pd-1588128941.htm?defaultVariants=search0_EQ_A0050_AND_%7BEOL%7D&amp;categoryId=40\" target=\"_blank\" rel=\"noopener\">Meine Wasserkur<\/a>(<a href=\"http:\/\/www.kneippverlag.de\/shop\/pd-1588128941.htm?defaultVariants=search0_EQ_A0050_AND_%7BEOL%7D&amp;categoryId=40\" target=\"_blank\" rel=\"noopener\">Teil 1<\/a>&nbsp;und <a href=\"http:\/\/www.kneippverlag.de\/shop\/pd1873524367.htm?defaultVariants=search0_EQ_A0031_AND_%7BEOL%7D&amp;categoryId=40\" target=\"_blank\" rel=\"noopener\">Teil 2<\/a>). Bis heute ist die gesundheitsf\u00f6rdernde und -erhaltende Wirkung der Anwendungen und der Kneipp-Kur unumstritten. Es gibt etliche Kneipp-Kurorte in Deutschland, untrennbar mit dem Namen verbunden ist speziell Bad W\u00f6rishofen, wo Kneipp seit 1855 wirkte.<\/p>\n<\/div>\n<\/div><\/div><\/div><\/div><\/div>","protected":false},"excerpt":{"rendered":"<p>Die 5 S\u00e4ulen Sebastian Kneipp Sebastian Kneipp (1821 bis 1897) tr\u00e4gt den Beinamen \u201eWasserdoktor\u201c, war aber in Wirklichkeit Pfarrer. Er wusste schon sehr fr\u00fch, dass er diesen Beruf ergreifen wollte, und schaffte es trotz vieler Hindernisse sein Ziel zu erreichen. &hellip; <a href=\"https:\/\/www.kneippverein-ingolstadt.de\/?page_id=22\">Weiterlesen <span class=\"meta-nav\">&rarr;<\/span><\/a><\/p>\n","protected":false},"author":3,"featured_media":0,"parent":0,"menu_order":4,"comment_status":"closed","ping_status":"closed","template":"","meta":{"_eb_attr":"","ngg_post_thumbnail":0,"footnotes":""},"class_list":["post-22","page","type-page","status-publish","hentry"],"_links":{"self":[{"href":"https:\/\/www.kneippverein-ingolstadt.de\/index.php?rest_route=\/wp\/v2\/pages\/22","targetHints":{"allow":["GET"]}}],"collection":[{"href":"https:\/\/www.kneippverein-ingolstadt.de\/index.php?rest_route=\/wp\/v2\/pages"}],"about":[{"href":"https:\/\/www.kneippverein-ingolstadt.de\/index.php?rest_route=\/wp\/v2\/types\/page"}],"author":[{"embeddable":true,"href":"https:\/\/www.kneippverein-ingolstadt.de\/index.php?rest_route=\/wp\/v2\/users\/3"}],"replies":[{"embeddable":true,"href":"https:\/\/www.kneippverein-ingolstadt.de\/index.php?rest_route=%2Fwp%2Fv2%2Fcomments&post=22"}],"version-history":[{"count":17,"href":"https:\/\/www.kneippverein-ingolstadt.de\/index.php?rest_route=\/wp\/v2\/pages\/22\/revisions"}],"predecessor-version":[{"id":6376,"href":"https:\/\/www.kneippverein-ingolstadt.de\/index.php?rest_route=\/wp\/v2\/pages\/22\/revisions\/6376"}],"wp:attachment":[{"href":"https:\/\/www.kneippverein-ingolstadt.de\/index.php?rest_route=%2Fwp%2Fv2%2Fmedia&parent=22"}],"curies":[{"name":"wp","href":"https:\/\/api.w.org\/{rel}","templated":true}]}}