{"id":25,"date":"2011-07-22T10:48:49","date_gmt":"2011-07-22T10:48:49","guid":{"rendered":"http:\/\/www.kneippverein-ingolstadt.de\/wp\/?page_id=25"},"modified":"2026-02-04T23:16:01","modified_gmt":"2026-02-04T23:16:01","slug":"links","status":"publish","type":"page","link":"https:\/\/www.kneippverein-ingolstadt.de\/?page_id=25","title":{"rendered":"Links"},"content":{"rendered":"\t\t<div data-elementor-type=\"wp-page\" data-elementor-id=\"25\" class=\"elementor elementor-25\">\n\t\t\t\t<div class=\"elementor-element elementor-element-7e73198 e-flex e-con-boxed e-con e-parent\" data-id=\"7e73198\" data-element_type=\"container\" data-e-type=\"container\">\n\t\t\t\t\t<div class=\"e-con-inner\">\n\t\t\t\t\t<\/div>\n\t\t\t\t<\/div>\n\t\t<div class=\"elementor-element elementor-element-652b3d6 e-flex e-con-boxed e-con e-parent\" data-id=\"652b3d6\" data-element_type=\"container\" data-e-type=\"container\">\n\t\t\t\t\t<div class=\"e-con-inner\">\n\t\t\t\t<div class=\"elementor-element elementor-element-7937e8d elementor-widget elementor-widget-text-editor\" data-id=\"7937e8d\" data-element_type=\"widget\" data-e-type=\"widget\" data-widget_type=\"text-editor.default\">\n\t\t\t\t\t\t\t\t\t<ul>\n<li><a href=\"http:\/\/www.kneippbund.de\/\" target=\"_blank\" rel=\"noopener noreferrer\">Kneippbund (Bad W\u00f6rishofen)<\/a><\/li>\n<li><a href=\"http:\/\/www.kneipp-lv-bayern.de\/\" target=\"_blank\" rel=\"noopener noreferrer\">Kneipp-Bund Landesverband Bayern e. V.<\/a><\/li>\n<li><a href=\"http:\/\/www.kneippbund.at\/\" target=\"_blank\" rel=\"noopener noreferrer\">\u00d6sterreichischer Kneippbund<\/a><\/li>\n<li><a href=\"http:\/\/www.ingolstadt.de\/\" target=\"_blank\" rel=\"noopener noreferrer\">Stadt Ingolstadt<\/a><\/li>\n<li><a title=\"B\u00fcrgerhaus Ingolstadt\" href=\"http:\/\/buergerhaus-ingolstadt.de\" target=\"_blank\" rel=\"noopener noreferrer\">B\u00fcrgerhaus Ingolstadt<\/a><\/li>\n<li><a href=\"https:\/\/www.ingolstadt.de\/stadtteiltreff\/augustinviertel\">https:\/\/www.ingolstadt.de\/stadtteiltreff\/augustinviertel<\/a><\/li>\n<li><a title=\"Kneipp-Anlagen\" href=\"http:\/\/www.wassertretbecken.de\" target=\"_blank\" rel=\"noopener noreferrer\">Kneipp-Anlagen<\/a><\/li>\n<li><a href=\"https:\/\/www.7sinne5.de\/\">https:\/\/www.7sinne5.de\/<\/a><\/li>\n<li><a href=\"https:\/\/heindlhof-ingolstadt.de\/hof-cafe\/#menu-1\">https:\/\/heindlhof-ingolstadt.de\/hof-cafe\/#menu-1<\/a><\/li>\n<\/ul>\t\t\t\t\t\t\t\t<\/div>\n\t\t\t\t\t<\/div>\n\t\t\t\t<\/div>\n\t\t\t\t<\/div>\n\t\t","protected":false},"excerpt":{"rendered":"<p>Kneippbund (Bad W\u00f6rishofen) Kneipp-Bund Landesverband Bayern e. V. \u00d6sterreichischer Kneippbund Stadt Ingolstadt B\u00fcrgerhaus Ingolstadt https:\/\/www.ingolstadt.de\/stadtteiltreff\/augustinviertel Kneipp-Anlagen https:\/\/www.7sinne5.de\/ https:\/\/heindlhof-ingolstadt.de\/hof-cafe\/#menu-1<\/p>\n","protected":false},"author":3,"featured_media":0,"parent":0,"menu_order":5,"comment_status":"closed","ping_status":"closed","template":"","meta":{"_eb_attr":"","ngg_post_thumbnail":0,"footnotes":""},"class_list":["post-25","page","type-page","status-publish","hentry"],"_links":{"self":[{"href":"https:\/\/www.kneippverein-ingolstadt.de\/index.php?rest_route=\/wp\/v2\/pages\/25","targetHints":{"allow":["GET"]}}],"collection":[{"href":"https:\/\/www.kneippverein-ingolstadt.de\/index.php?rest_route=\/wp\/v2\/pages"}],"about":[{"href":"https:\/\/www.kneippverein-ingolstadt.de\/index.php?rest_route=\/wp\/v2\/types\/page"}],"author":[{"embeddable":true,"href":"https:\/\/www.kneippverein-ingolstadt.de\/index.php?rest_route=\/wp\/v2\/users\/3"}],"replies":[{"embeddable":true,"href":"https:\/\/www.kneippverein-ingolstadt.de\/index.php?rest_route=%2Fwp%2Fv2%2Fcomments&post=25"}],"version-history":[{"count":20,"href":"https:\/\/www.kneippverein-ingolstadt.de\/index.php?rest_route=\/wp\/v2\/pages\/25\/revisions"}],"predecessor-version":[{"id":7710,"href":"https:\/\/www.kneippverein-ingolstadt.de\/index.php?rest_route=\/wp\/v2\/pages\/25\/revisions\/7710"}],"wp:attachment":[{"href":"https:\/\/www.kneippverein-ingolstadt.de\/index.php?rest_route=%2Fwp%2Fv2%2Fmedia&parent=25"}],"curies":[{"name":"wp","href":"https:\/\/api.w.org\/{rel}","templated":true}]}}