{"id":31,"date":"2011-07-22T10:53:50","date_gmt":"2011-07-22T10:53:50","guid":{"rendered":"http:\/\/www.kneippverein-ingolstadt.de\/wp\/?page_id=31"},"modified":"2026-01-22T21:12:04","modified_gmt":"2026-01-22T21:12:04","slug":"home","status":"publish","type":"page","link":"https:\/\/www.kneippverein-ingolstadt.de\/","title":{"rendered":"Home"},"content":{"rendered":"\t\t<div data-elementor-type=\"wp-page\" data-elementor-id=\"31\" class=\"elementor elementor-31\">\n\t\t\t\t<div class=\"elementor-element elementor-element-f6a67e6 e-flex e-con-boxed e-con e-parent\" data-id=\"f6a67e6\" data-element_type=\"container\" data-e-type=\"container\">\n\t\t\t\t\t<div class=\"e-con-inner\">\n\t\t\t\t<div class=\"elementor-element elementor-element-6c6213a elementor-widget elementor-widget-heading\" data-id=\"6c6213a\" data-element_type=\"widget\" data-e-type=\"widget\" data-widget_type=\"heading.default\">\n\t\t\t\t\t<h2 class=\"elementor-heading-title elementor-size-default\">Willkommen beim Kneippverein Ingolstadt e.V.<\/h2>\t\t\t\t<\/div>\n\t\t\t\t\t<\/div>\n\t\t\t\t<\/div>\n\t\t<div class=\"elementor-element elementor-element-0cb3ed9 e-flex e-con-boxed e-con e-parent\" data-id=\"0cb3ed9\" data-element_type=\"container\" data-e-type=\"container\">\n\t\t\t\t\t<div class=\"e-con-inner\">\n\t\t\t\t<div class=\"elementor-element elementor-element-abb1eb8 elementor-widget elementor-widget-text-editor\" data-id=\"abb1eb8\" data-element_type=\"widget\" data-e-type=\"widget\" data-widget_type=\"text-editor.default\">\n\t\t\t\t\t\t\t\t\t<p><img fetchpriority=\"high\" decoding=\"async\" class=\"alignnone size-medium wp-image-7424 aligncenter\" src=\"https:\/\/www.kneippverein-ingolstadt.de\/wp-content\/uploads\/2026\/01\/Portraet-Kneipp-184x300.png\" alt=\"\" width=\"184\" height=\"300\" srcset=\"https:\/\/www.kneippverein-ingolstadt.de\/wp-content\/uploads\/2026\/01\/Portraet-Kneipp-184x300.png 184w, https:\/\/www.kneippverein-ingolstadt.de\/wp-content\/uploads\/2026\/01\/Portraet-Kneipp.png 508w\" sizes=\"(max-width: 184px) 100vw, 184px\" \/><\/p>\t\t\t\t\t\t\t\t<\/div>\n\t\t\t\t\t<\/div>\n\t\t\t\t<\/div>\n\t\t<div class=\"elementor-element elementor-element-a3258e4 e-flex e-con-boxed e-con e-parent\" data-id=\"a3258e4\" data-element_type=\"container\" data-e-type=\"container\">\n\t\t\t\t\t<div class=\"e-con-inner\">\n\t\t\t\t<div class=\"elementor-element elementor-element-422da93 elementor-widget elementor-widget-text-editor\" data-id=\"422da93\" data-element_type=\"widget\" data-e-type=\"widget\" data-widget_type=\"text-editor.default\">\n\t\t\t\t\t\t\t\t\t<div class=\"elementor-element elementor-element-1429417 e-flex e-con-boxed e-con e-parent e-lazyloaded\" data-id=\"1429417\" data-element_type=\"container\"><div class=\"e-con-inner\"><div class=\"elementor-element elementor-element-6118f4fb elementor-widget elementor-widget-text-editor\" data-id=\"6118f4fb\" data-element_type=\"widget\" data-widget_type=\"text-editor.default\"><div id=\"pl-gb31-6957fa6f4c428\" class=\"panel-layout wp-block-siteorigin-panels-layout-block\"><div id=\"pg-gb31-6957fa6f4c428-0\" class=\"panel-grid panel-no-style\"><div id=\"pgc-gb31-6957fa6f4c428-0-0\" class=\"panel-grid-cell\"><div id=\"panel-gb31-6957fa6f4c428-0-0-0\" class=\"so-panel widget widget_sow-editor panel-first-child panel-last-child\" data-index=\"0\"><div class=\"so-widget-sow-editor so-widget-sow-editor-base\"><div class=\"siteorigin-widget-tinymce textwidget\"><p align=\"left\">Mit unserem Webauftritt informieren wir Sie \u00fcber das Angebot unseres Vereines ebenso,<br \/>wie \u00fcber die Bedeutung des kneippschen Naturheilverfahrens.<\/p><p align=\"center\"><strong>&#8222;Gl\u00fccklich der Mensch, der es versteht und sich bem\u00fcht,<\/strong><br \/><strong>das Notwendige, N\u00fctzliche und Heilsame mehr und mehr sich anzueignen.&#8220;<\/strong><br \/><strong>-Sebastian Kneipp-<\/strong><\/p><p align=\"left\">Wir w\u00fcnschen Ihnen viel Spa\u00df auf den Seiten und freuen uns \u00fcber eine Nachricht von Ihnen.<\/p><p align=\"left\">Ihr Kneippverein Ingolstadt<\/p><p>Willi Heckl<br \/>1. Vorsitzender<\/p><p>K\u00f6schinger Weg 6<br \/>85088 Vohburg<\/p><p align=\"left\">Tel. : 0176\/517 509 06<\/p><p><a href=\"mailto:info@kneippverein-ingolstadt.de?subject=Anfrage\">info@kneippverein-ingolstadt.de<\/a><\/p><\/div><\/div><\/div><\/div><\/div><\/div><\/div><\/div><\/div><div class=\"elementor-element elementor-element-52098a4 e-flex e-con-boxed e-con e-parent e-lazyloaded\" data-id=\"52098a4\" data-element_type=\"container\"><div class=\"e-con-inner\">\u00a0<\/div><\/div><div class=\"elementor-element elementor-element-32659ac e-flex e-con-boxed e-con e-parent e-lazyloaded\" data-id=\"32659ac\" data-element_type=\"container\"><div class=\"e-con-inner\" style=\"text-align: left;\">\u00a0<\/div><\/div>\t\t\t\t\t\t\t\t<\/div>\n\t\t\t\t\t<\/div>\n\t\t\t\t<\/div>\n\t\t\t\t<\/div>\n\t\t","protected":false},"excerpt":{"rendered":"<p>Willkommen beim Kneippverein Ingolstadt e.V. Mit unserem Webauftritt informieren wir Sie \u00fcber das Angebot unseres Vereines ebenso,wie \u00fcber die Bedeutung des kneippschen Naturheilverfahrens. &#8222;Gl\u00fccklich der Mensch, der es versteht und sich bem\u00fcht,das Notwendige, N\u00fctzliche und Heilsame mehr und mehr sich &hellip; <a href=\"https:\/\/www.kneippverein-ingolstadt.de\/\">Weiterlesen <span class=\"meta-nav\">&rarr;<\/span><\/a><\/p>\n","protected":false},"author":3,"featured_media":0,"parent":0,"menu_order":0,"comment_status":"closed","ping_status":"closed","template":"","meta":{"_eb_attr":"","ngg_post_thumbnail":0,"footnotes":""},"class_list":["post-31","page","type-page","status-publish","hentry"],"_links":{"self":[{"href":"https:\/\/www.kneippverein-ingolstadt.de\/index.php?rest_route=\/wp\/v2\/pages\/31","targetHints":{"allow":["GET"]}}],"collection":[{"href":"https:\/\/www.kneippverein-ingolstadt.de\/index.php?rest_route=\/wp\/v2\/pages"}],"about":[{"href":"https:\/\/www.kneippverein-ingolstadt.de\/index.php?rest_route=\/wp\/v2\/types\/page"}],"author":[{"embeddable":true,"href":"https:\/\/www.kneippverein-ingolstadt.de\/index.php?rest_route=\/wp\/v2\/users\/3"}],"replies":[{"embeddable":true,"href":"https:\/\/www.kneippverein-ingolstadt.de\/index.php?rest_route=%2Fwp%2Fv2%2Fcomments&post=31"}],"version-history":[{"count":44,"href":"https:\/\/www.kneippverein-ingolstadt.de\/index.php?rest_route=\/wp\/v2\/pages\/31\/revisions"}],"predecessor-version":[{"id":7642,"href":"https:\/\/www.kneippverein-ingolstadt.de\/index.php?rest_route=\/wp\/v2\/pages\/31\/revisions\/7642"}],"wp:attachment":[{"href":"https:\/\/www.kneippverein-ingolstadt.de\/index.php?rest_route=%2Fwp%2Fv2%2Fmedia&parent=31"}],"curies":[{"name":"wp","href":"https:\/\/api.w.org\/{rel}","templated":true}]}}