{"id":6790,"date":"2023-09-09T23:24:45","date_gmt":"2023-09-09T23:24:45","guid":{"rendered":"http:\/\/www.kneippverein-ingolstadt.de\/?page_id=6790"},"modified":"2026-01-02T21:47:28","modified_gmt":"2026-01-02T21:47:28","slug":"schleifmuehlplatz","status":"publish","type":"page","link":"https:\/\/www.kneippverein-ingolstadt.de\/?page_id=6790","title":{"rendered":"Schleifm\u00fchlplatz"},"content":{"rendered":"\t\t<div data-elementor-type=\"wp-page\" data-elementor-id=\"6790\" class=\"elementor elementor-6790\">\n\t\t\t\t<div class=\"elementor-element elementor-element-57db7bf e-flex e-con-boxed e-con e-parent\" data-id=\"57db7bf\" data-element_type=\"container\" data-e-type=\"container\">\n\t\t\t\t\t<div class=\"e-con-inner\">\n\t\t<div class=\"elementor-element elementor-element-8ae503f e-con-full e-flex e-con e-child\" data-id=\"8ae503f\" data-element_type=\"container\" data-e-type=\"container\">\n\t\t\t\t<div class=\"elementor-element elementor-element-27c73fc elementor-widget elementor-widget-text-editor\" data-id=\"27c73fc\" data-element_type=\"widget\" data-e-type=\"widget\" data-widget_type=\"text-editor.default\">\n\t\t\t\t\t\t\t\t\t<ul class=\"wp-block-list\">\n<li><strong>Biodiversit\u00e4t<\/strong><\/li>\n<li><strong>gut erreichbar<\/strong><\/li>\n<!-- \/wp:list-item --><!-- wp:list-item -->\n<li><strong>Tourismusmagnet lockt in die Altstadt<\/strong><\/li>\n<!-- \/wp:list-item --><!-- wp:list-item -->\n<li><strong>Einbindung in Stadtf\u00fchrung<\/strong><\/li>\n<!-- \/wp:list-item --><!-- wp:list-item -->\n<li><strong>Entsiegelung von Fl\u00e4chen<\/strong><\/li>\n<li><strong>Zusch\u00fc\u00dfe bis zu 90 %<\/strong><\/li>\n<!-- \/wp:list-item --><!-- wp:list-item -->\n<li><strong>Abk\u00fchlung durch Gr\u00fcn + Wasser<\/strong><\/li>\n<!-- \/wp:list-item --><!-- wp:list-item -->\n<li><strong>Belebung des Platzes<\/strong><\/li>\n<!-- \/wp:list-item --><!-- wp:list-item -->\n<li><strong>Erholungsoa<\/strong><strong>se\/Ruheplatz<\/strong><\/li>\n<!-- \/wp:list-item --><!-- wp:list-item -->\n<li><strong>Camper am Hallenbad (Hinweis)<\/strong><\/li>\n<!-- \/wp:list-item --><!-- wp:list-item -->\n<li><strong>Aufwertung des Platzes<\/strong><\/li>\n<!-- \/wp:list-item --><!-- wp:list-item -->\n<li><strong>Anlaufstelle f\u00fcr Radfahrer<\/strong><\/li>\n<!-- \/wp:list-item --><!-- wp:list-item -->\n<li><strong>Gesundheitsplatz, Gesundheitsf\u00f6rderung<\/strong><\/li>\n<!-- \/wp:list-item --><!-- wp:list-item -->\n<li><strong>Begegnungsst\u00e4tte f\u00fcr Jung und Alt<\/strong><\/li>\n<!-- \/wp:list-item --><!-- wp:list-item -->\n<li><strong>Urban <\/strong><strong>Gardening<\/strong><\/li>\n<!-- \/wp:list-item --><!-- wp:list-item -->\n<li><strong>Radtour Kneipp analog FFB<\/strong><\/li>\n<!-- \/wp:list-item --><!-- wp:list-item -->\n<li><strong>Gesundheitsbewusstsein erh\u00f6hen<\/strong><\/li>\n<!-- \/wp:list-item --><!-- wp:list-item -->\n<li><strong>Naturerlebnis mitten in der Stadt<\/strong><\/li>\n<!-- \/wp:list-item --><!-- wp:list-item -->\n<li><strong>Verlangsamung Autoverkehr\u00a0 \u00a0 \u00a0 \u00a0 ( shared Space)<br \/>evtl. Einbahnsta\u00dfenregelung<\/strong><\/li>\n<!-- \/wp:list-item --><!-- wp:list-item -->\n<li><strong>ein Schritt zur blau-gr\u00fcnen Stadt<\/strong><\/li>\n<li><strong>Schwammstadtkonzept<\/strong><\/li>\n<!-- \/wp:list-item --><!-- wp:list-item -->\n<li><strong>soziale Kontrolle<\/strong><\/li>\n<\/ul>\t\t\t\t\t\t\t\t<\/div>\n\t\t\t\t<\/div>\n\t\t<div class=\"elementor-element elementor-element-1c035ce e-con-full e-flex e-con e-child\" data-id=\"1c035ce\" data-element_type=\"container\" data-e-type=\"container\">\n\t\t<div class=\"elementor-element elementor-element-8dbe28c e-con-full e-flex e-con e-child\" data-id=\"8dbe28c\" data-element_type=\"container\" data-e-type=\"container\">\n\t\t\t\t<div class=\"elementor-element elementor-element-73cf34b elementor-widget elementor-widget-text-editor\" data-id=\"73cf34b\" data-element_type=\"widget\" data-e-type=\"widget\" data-widget_type=\"text-editor.default\">\n\t\t\t\t\t\t\t\t\t<p style=\"text-align: center;\"><img fetchpriority=\"high\" decoding=\"async\" width=\"1280\" height=\"847\" class=\"wp-image-6793\" src=\"https:\/\/www.kneippverein-ingolstadt.de\/wp-content\/uploads\/2023\/09\/Bild-Vorschlag-Schleifmuehlplatz-1280x847.png\" alt=\"\" srcset=\"https:\/\/www.kneippverein-ingolstadt.de\/wp-content\/uploads\/2023\/09\/Bild-Vorschlag-Schleifmuehlplatz-1280x847.png 1280w, https:\/\/www.kneippverein-ingolstadt.de\/wp-content\/uploads\/2023\/09\/Bild-Vorschlag-Schleifmuehlplatz-300x199.png 300w, https:\/\/www.kneippverein-ingolstadt.de\/wp-content\/uploads\/2023\/09\/Bild-Vorschlag-Schleifmuehlplatz-768x508.png 768w, https:\/\/www.kneippverein-ingolstadt.de\/wp-content\/uploads\/2023\/09\/Bild-Vorschlag-Schleifmuehlplatz-453x300.png 453w, https:\/\/www.kneippverein-ingolstadt.de\/wp-content\/uploads\/2023\/09\/Bild-Vorschlag-Schleifmuehlplatz.png 1298w\" sizes=\"(max-width: 1280px) 100vw, 1280px\" \/>Fotomontage<\/p>\n<p>\u00a0<\/p>\t\t\t\t\t\t\t\t<\/div>\n\t\t\t\t<\/div>\n\t\t<div class=\"elementor-element elementor-element-e2cd385 e-con-full e-flex e-con e-child\" data-id=\"e2cd385\" data-element_type=\"container\" data-e-type=\"container\">\n\t\t\t\t<div class=\"elementor-element elementor-element-ac49e82 elementor-widget elementor-widget-text-editor\" data-id=\"ac49e82\" data-element_type=\"widget\" data-e-type=\"widget\" data-widget_type=\"text-editor.default\">\n\t\t\t\t\t\t\t\t\t<p style=\"text-align: center;\"><a href=\"https:\/\/www.kneippverein-ingolstadt.de\/wp-content\/uploads\/2025\/12\/ChatGPT-Image-11.-Aug.-2025-21_25_11.png\"><img decoding=\"async\" class=\"alignnone  wp-image-7093\" src=\"https:\/\/www.kneippverein-ingolstadt.de\/wp-content\/uploads\/2025\/12\/ChatGPT-Image-11.-Aug.-2025-21_25_11-150x150.png\" alt=\"\" width=\"285\" height=\"285\" \/><\/a><br \/>KI-generiert<\/p>\t\t\t\t\t\t\t\t<\/div>\n\t\t\t\t<\/div>\n\t\t\t\t<\/div>\n\t\t\t\t\t<\/div>\n\t\t\t\t<\/div>\n\t\t<div class=\"elementor-element elementor-element-7354783 e-flex e-con-boxed e-con e-parent\" data-id=\"7354783\" data-element_type=\"container\" data-e-type=\"container\">\n\t\t\t\t\t<div class=\"e-con-inner\">\n\t\t<div class=\"elementor-element elementor-element-0cd8881 e-con-full e-flex e-con e-child\" data-id=\"0cd8881\" data-element_type=\"container\" data-e-type=\"container\">\n\t\t\t\t<div class=\"elementor-element elementor-element-7a05d91 elementor-widget elementor-widget-text-editor\" data-id=\"7a05d91\" data-element_type=\"widget\" data-e-type=\"widget\" data-widget_type=\"text-editor.default\">\n\t\t\t\t\t\t\t\t\t<p><strong><br \/>Die 5 S\u00e4ulen von Kneipp<\/strong><\/p>\n<p><strong>&#8211; Wasser<\/strong> <br \/>Das Element Wasser finden wir in der Tretanlage wieder.<br \/><br \/><strong>&#8211; Bewegung<\/strong><br \/>Gymnastikkurse k\u00f6nnten im Sommer auf der Rasenfl\u00e4che neben dem Kneippbecken angeboten werden <br \/><br \/><strong>&#8211; Ern\u00e4hrung<\/strong><br \/>\u00dcber ein Urban Gardening (Hochbeete, die als Abgrenzung dienen), evtl in Cortenstahl ausgef\u00fchrt in denen der ehemalige Verlauf der Schutter gelasert werden k\u00f6nnte. Die Betreuung k\u00f6nnte der naheliegende Kindergarten und auch die Schule auf der Schanz \u00fcbernehmen.<\/p>\t\t\t\t\t\t\t\t<\/div>\n\t\t\t\t<\/div>\n\t\t<div class=\"elementor-element elementor-element-726131a e-con-full e-flex e-con e-child\" data-id=\"726131a\" data-element_type=\"container\" data-e-type=\"container\">\n\t\t\t\t<div class=\"elementor-element elementor-element-b8bd509 elementor-widget elementor-widget-text-editor\" data-id=\"b8bd509\" data-element_type=\"widget\" data-e-type=\"widget\" data-widget_type=\"text-editor.default\">\n\t\t\t\t\t\t\t\t\t<p style=\"text-align: left;\"><a href=\"https:\/\/www.kneippverein-ingolstadt.de\/wp-content\/uploads\/2025\/12\/2025-Schleifmuehl-Vorschlag.png\"><img decoding=\"async\" class=\"alignnone wp-image-7207\" src=\"https:\/\/www.kneippverein-ingolstadt.de\/wp-content\/uploads\/2025\/12\/2025-Schleifmuehl-Vorschlag-150x150.png\" alt=\"\" width=\"347\" height=\"347\" \/><\/a><br \/><strong><br \/>&#8211; Heilpflanzen <\/strong> <br \/>Kr\u00e4uterbeet anlegen<\/p>\n<p><strong>&#8211; Lebensordung<\/strong><br \/>Yoga bzw. Qi-Gong Kurse w\u00e4hrend des Sommer auf der Rasenfl\u00e4chen <br \/>Ort der Ruhe<\/p>\n<p>\u00a0<\/p>\t\t\t\t\t\t\t\t<\/div>\n\t\t\t\t<\/div>\n\t\t\t\t\t<\/div>\n\t\t\t\t<\/div>\n\t\t<div class=\"elementor-element elementor-element-33a9995 e-flex e-con-boxed e-con e-parent\" data-id=\"33a9995\" data-element_type=\"container\" data-e-type=\"container\">\n\t\t\t\t\t<div class=\"e-con-inner\">\n\t\t\t\t<div class=\"elementor-element elementor-element-2ff4b3b elementor-widget elementor-widget-heading\" data-id=\"2ff4b3b\" data-element_type=\"widget\" data-e-type=\"widget\" data-widget_type=\"heading.default\">\n\t\t\t\t\t<h2 class=\"elementor-heading-title elementor-size-default\">k\u00f6nnte man in diesem \"Kneippgarten\" alle verwirklichen.<\/h2>\t\t\t\t<\/div>\n\t\t\t\t\t<\/div>\n\t\t\t\t<\/div>\n\t\t<div class=\"elementor-element elementor-element-a2cd18f e-flex e-con-boxed e-con e-parent\" data-id=\"a2cd18f\" data-element_type=\"container\" data-e-type=\"container\">\n\t\t\t\t\t<div class=\"e-con-inner\">\n\t\t\t\t\t<\/div>\n\t\t\t\t<\/div>\n\t\t\t\t<\/div>\n\t\t","protected":false},"excerpt":{"rendered":"<p>Biodiversit\u00e4t gut erreichbar Tourismusmagnet lockt in die Altstadt Einbindung in Stadtf\u00fchrung Entsiegelung von Fl\u00e4chen Zusch\u00fc\u00dfe bis zu 90 % Abk\u00fchlung durch Gr\u00fcn + Wasser Belebung des Platzes Erholungsoase\/Ruheplatz Camper am Hallenbad (Hinweis) Aufwertung des Platzes Anlaufstelle f\u00fcr Radfahrer Gesundheitsplatz, Gesundheitsf\u00f6rderung &hellip; <a href=\"https:\/\/www.kneippverein-ingolstadt.de\/?page_id=6790\">Weiterlesen <span class=\"meta-nav\">&rarr;<\/span><\/a><\/p>\n","protected":false},"author":5,"featured_media":0,"parent":0,"menu_order":0,"comment_status":"closed","ping_status":"closed","template":"","meta":{"_eb_attr":"","ngg_post_thumbnail":0,"footnotes":""},"class_list":["post-6790","page","type-page","status-publish","hentry"],"_links":{"self":[{"href":"https:\/\/www.kneippverein-ingolstadt.de\/index.php?rest_route=\/wp\/v2\/pages\/6790","targetHints":{"allow":["GET"]}}],"collection":[{"href":"https:\/\/www.kneippverein-ingolstadt.de\/index.php?rest_route=\/wp\/v2\/pages"}],"about":[{"href":"https:\/\/www.kneippverein-ingolstadt.de\/index.php?rest_route=\/wp\/v2\/types\/page"}],"author":[{"embeddable":true,"href":"https:\/\/www.kneippverein-ingolstadt.de\/index.php?rest_route=\/wp\/v2\/users\/5"}],"replies":[{"embeddable":true,"href":"https:\/\/www.kneippverein-ingolstadt.de\/index.php?rest_route=%2Fwp%2Fv2%2Fcomments&post=6790"}],"version-history":[{"count":37,"href":"https:\/\/www.kneippverein-ingolstadt.de\/index.php?rest_route=\/wp\/v2\/pages\/6790\/revisions"}],"predecessor-version":[{"id":7514,"href":"https:\/\/www.kneippverein-ingolstadt.de\/index.php?rest_route=\/wp\/v2\/pages\/6790\/revisions\/7514"}],"wp:attachment":[{"href":"https:\/\/www.kneippverein-ingolstadt.de\/index.php?rest_route=%2Fwp%2Fv2%2Fmedia&parent=6790"}],"curies":[{"name":"wp","href":"https:\/\/api.w.org\/{rel}","templated":true}]}}