{"id":6797,"date":"2023-09-09T23:20:00","date_gmt":"2023-09-09T23:20:00","guid":{"rendered":"http:\/\/www.kneippverein-ingolstadt.de\/?page_id=6797"},"modified":"2023-09-10T19:45:42","modified_gmt":"2023-09-10T19:45:42","slug":"standortvorschlaege-kneippanlage","status":"publish","type":"page","link":"https:\/\/www.kneippverein-ingolstadt.de\/?page_id=6797","title":{"rendered":"Standortvorschl\u00e4ge Kneippanlage"},"content":{"rendered":"\n<p>Hier stellen wir verschiedene m\u00f6gliche Standorte f\u00fcr eine Kneippanlage in der Altstadt von Ingolstadt vor.<br>Wir w\u00fcrden uns freuen, wenn Sie uns unter folgender email-Adresse <a href=\"info@kneippverein-ingolstadt.de\">info@kneippverein-ingolstadt.de<\/a> Ihren favorisierten Vorschlag mitteilen w\u00fcrden.<br>Derzeit sind wir noch in Bearbeitung von weiteren Vorschl\u00e4gen.<br>Bitte beachten Sie die entsprechenden Unterpunkte.<\/p>\n","protected":false},"excerpt":{"rendered":"<p>Hier stellen wir verschiedene m\u00f6gliche Standorte f\u00fcr eine Kneippanlage in der Altstadt von Ingolstadt vor.Wir w\u00fcrden uns freuen, wenn Sie uns unter folgender email-Adresse info@kneippverein-ingolstadt.de Ihren favorisierten Vorschlag mitteilen w\u00fcrden.Derzeit sind wir noch in Bearbeitung von weiteren Vorschl\u00e4gen.Bitte beachten Sie &hellip; <a href=\"https:\/\/www.kneippverein-ingolstadt.de\/?page_id=6797\">Weiterlesen <span class=\"meta-nav\">&rarr;<\/span><\/a><\/p>\n","protected":false},"author":5,"featured_media":0,"parent":31,"menu_order":0,"comment_status":"closed","ping_status":"closed","template":"","meta":{"_eb_attr":"","ngg_post_thumbnail":0,"footnotes":""},"class_list":["post-6797","page","type-page","status-publish","hentry"],"_links":{"self":[{"href":"https:\/\/www.kneippverein-ingolstadt.de\/index.php?rest_route=\/wp\/v2\/pages\/6797","targetHints":{"allow":["GET"]}}],"collection":[{"href":"https:\/\/www.kneippverein-ingolstadt.de\/index.php?rest_route=\/wp\/v2\/pages"}],"about":[{"href":"https:\/\/www.kneippverein-ingolstadt.de\/index.php?rest_route=\/wp\/v2\/types\/page"}],"author":[{"embeddable":true,"href":"https:\/\/www.kneippverein-ingolstadt.de\/index.php?rest_route=\/wp\/v2\/users\/5"}],"replies":[{"embeddable":true,"href":"https:\/\/www.kneippverein-ingolstadt.de\/index.php?rest_route=%2Fwp%2Fv2%2Fcomments&post=6797"}],"version-history":[{"count":6,"href":"https:\/\/www.kneippverein-ingolstadt.de\/index.php?rest_route=\/wp\/v2\/pages\/6797\/revisions"}],"predecessor-version":[{"id":6850,"href":"https:\/\/www.kneippverein-ingolstadt.de\/index.php?rest_route=\/wp\/v2\/pages\/6797\/revisions\/6850"}],"up":[{"embeddable":true,"href":"https:\/\/www.kneippverein-ingolstadt.de\/index.php?rest_route=\/wp\/v2\/pages\/31"}],"wp:attachment":[{"href":"https:\/\/www.kneippverein-ingolstadt.de\/index.php?rest_route=%2Fwp%2Fv2%2Fmedia&parent=6797"}],"curies":[{"name":"wp","href":"https:\/\/api.w.org\/{rel}","templated":true}]}}