{"id":6940,"date":"2023-11-20T21:41:08","date_gmt":"2023-11-20T21:41:08","guid":{"rendered":"http:\/\/www.kneippverein-ingolstadt.de\/?page_id=6940"},"modified":"2023-11-20T21:41:08","modified_gmt":"2023-11-20T21:41:08","slug":"hinter-franziskanerkirche","status":"publish","type":"page","link":"https:\/\/www.kneippverein-ingolstadt.de\/?page_id=6940","title":{"rendered":"Hinter Franziskanerkirche"},"content":{"rendered":"<p>Hinter der Franziskanerkirche befindet sich ein kleiner Park, bei dem derzeit leider die Pflege etwas vernachl\u00e4ssigt wurde. Dieser Ort ist vielen Ingolst\u00e4dtern auf Grund der etwas versteckten Lage nicht bekannt. Dieser kleine Park k\u00f6nnte durch ein Kneippbecken enorm aufgewertet werden. Durch die Vierteilung des Parks k\u00f6nnten nach und nach die jeweiligen Teile durch Urban Gardening, Kr\u00e4utergarten usw. weiter aufgewertet werden.<\/p>\n\n\n<figure class=\"wp-block-image size-large\"><img fetchpriority=\"high\" decoding=\"async\" width=\"1280\" height=\"960\" src=\"https:\/\/www.kneippverein-ingolstadt.de\/wp-content\/uploads\/2023\/11\/Franzkirche-5-1280x960.jpg\" alt=\"\" class=\"wp-image-6950\" srcset=\"https:\/\/www.kneippverein-ingolstadt.de\/wp-content\/uploads\/2023\/11\/Franzkirche-5-1280x960.jpg 1280w, https:\/\/www.kneippverein-ingolstadt.de\/wp-content\/uploads\/2023\/11\/Franzkirche-5-300x225.jpg 300w, https:\/\/www.kneippverein-ingolstadt.de\/wp-content\/uploads\/2023\/11\/Franzkirche-5-768x576.jpg 768w, https:\/\/www.kneippverein-ingolstadt.de\/wp-content\/uploads\/2023\/11\/Franzkirche-5-1536x1152.jpg 1536w, https:\/\/www.kneippverein-ingolstadt.de\/wp-content\/uploads\/2023\/11\/Franzkirche-5-2048x1536.jpg 2048w, https:\/\/www.kneippverein-ingolstadt.de\/wp-content\/uploads\/2023\/11\/Franzkirche-5-400x300.jpg 400w\" sizes=\"(max-width: 1280px) 100vw, 1280px\" \/><\/figure>\n\n\n\n<p><strong>Zentrale Lage<br>Kurzer Weg zur Altstadt<\/strong><br><strong>Keine direkten Anwohner<\/strong><br><strong>Kleinod bekannt machen<\/strong><br><strong>Abk\u00fchlung durch flie\u00dfendes Wasser<\/strong><br><strong>Zugang abschlie\u00dfbar (Vandalismus)<\/strong><br><strong>Touristische Aufwertung<\/strong><br><strong>Saisonaler Betrieb m\u00f6glich<\/strong><br><strong>Aufwertung des Platzes<\/strong><br><strong>Wasserversorgung vorhanden (Brunnen)<\/strong><\/p>\n","protected":false},"excerpt":{"rendered":"<p>Hinter der Franziskanerkirche befindet sich ein kleiner Park, bei dem derzeit leider die Pflege etwas vernachl\u00e4ssigt wurde. Dieser Ort ist vielen Ingolst\u00e4dtern auf Grund der etwas versteckten Lage nicht bekannt. Dieser kleine Park k\u00f6nnte durch ein Kneippbecken enorm aufgewertet werden. &hellip; <a href=\"https:\/\/www.kneippverein-ingolstadt.de\/?page_id=6940\">Weiterlesen <span class=\"meta-nav\">&rarr;<\/span><\/a><\/p>\n","protected":false},"author":5,"featured_media":0,"parent":0,"menu_order":0,"comment_status":"closed","ping_status":"closed","template":"","meta":{"_eb_attr":"","ngg_post_thumbnail":0,"footnotes":""},"class_list":["post-6940","page","type-page","status-publish","hentry"],"_links":{"self":[{"href":"https:\/\/www.kneippverein-ingolstadt.de\/index.php?rest_route=\/wp\/v2\/pages\/6940","targetHints":{"allow":["GET"]}}],"collection":[{"href":"https:\/\/www.kneippverein-ingolstadt.de\/index.php?rest_route=\/wp\/v2\/pages"}],"about":[{"href":"https:\/\/www.kneippverein-ingolstadt.de\/index.php?rest_route=\/wp\/v2\/types\/page"}],"author":[{"embeddable":true,"href":"https:\/\/www.kneippverein-ingolstadt.de\/index.php?rest_route=\/wp\/v2\/users\/5"}],"replies":[{"embeddable":true,"href":"https:\/\/www.kneippverein-ingolstadt.de\/index.php?rest_route=%2Fwp%2Fv2%2Fcomments&post=6940"}],"version-history":[{"count":2,"href":"https:\/\/www.kneippverein-ingolstadt.de\/index.php?rest_route=\/wp\/v2\/pages\/6940\/revisions"}],"predecessor-version":[{"id":6951,"href":"https:\/\/www.kneippverein-ingolstadt.de\/index.php?rest_route=\/wp\/v2\/pages\/6940\/revisions\/6951"}],"wp:attachment":[{"href":"https:\/\/www.kneippverein-ingolstadt.de\/index.php?rest_route=%2Fwp%2Fv2%2Fmedia&parent=6940"}],"curies":[{"name":"wp","href":"https:\/\/api.w.org\/{rel}","templated":true}]}}