{"id":7169,"date":"2025-12-22T00:16:39","date_gmt":"2025-12-22T00:16:39","guid":{"rendered":"https:\/\/www.kneippverein-ingolstadt.de\/?page_id=7169"},"modified":"2026-02-23T12:53:03","modified_gmt":"2026-02-23T12:53:03","slug":"line-dance","status":"publish","type":"page","link":"https:\/\/www.kneippverein-ingolstadt.de\/?page_id=7169","title":{"rendered":"Line-Dance"},"content":{"rendered":"\t\t<div data-elementor-type=\"wp-page\" data-elementor-id=\"7169\" class=\"elementor elementor-7169\">\n\t\t\t\t<div class=\"elementor-element elementor-element-3f5bcb0 e-flex e-con-boxed e-con e-parent\" data-id=\"3f5bcb0\" data-element_type=\"container\" data-e-type=\"container\">\n\t\t\t\t\t<div class=\"e-con-inner\">\n\t\t\t\t<div class=\"elementor-element elementor-element-96f63ae elementor-widget elementor-widget-google_maps\" data-id=\"96f63ae\" data-element_type=\"widget\" data-e-type=\"widget\" data-widget_type=\"google_maps.default\">\n\t\t\t\t\t\t\t<div class=\"elementor-custom-embed\">\n\t\t\t<iframe loading=\"lazy\"\n\t\t\t\t\tsrc=\"https:\/\/maps.google.com\/maps?q=ingolstadt%20schule%20auf%20der%20schanz&#038;t=m&#038;z=15&#038;output=embed&#038;iwloc=near\"\n\t\t\t\t\ttitle=\"ingolstadt schule auf der schanz\"\n\t\t\t\t\taria-label=\"ingolstadt schule auf der schanz\"\n\t\t\t><\/iframe>\n\t\t<\/div>\n\t\t\t\t\t\t<\/div>\n\t\t\t\t\t<\/div>\n\t\t\t\t<\/div>\n\t\t<div class=\"elementor-element elementor-element-1639284a e-con-full e-flex e-con e-parent\" data-id=\"1639284a\" data-element_type=\"container\" data-e-type=\"container\">\n\t\t\t\t<div class=\"elementor-element elementor-element-1f0a9710 elementor-widget elementor-widget-text-editor\" data-id=\"1f0a9710\" data-element_type=\"widget\" data-e-type=\"widget\" data-widget_type=\"text-editor.default\">\n\t\t\t\t\t\t\t\t\t\n<figure class=\"wp-block-table\">\n<table class=\"has-fixed-layout\">\n<tbody>\n<tr>\n<td>Samstag 10.01.2026<\/td>\n<td class=\"has-text-align-left\" data-align=\"left\">14.00 Uhr bis 16.00 Uhr<\/td>\n<td>Schule &#8222;Auf der Schanz&#8220;\u00a0<\/td>\n<\/tr>\n<tr>\n<td>Samstag 31.01.2026<\/td>\n<td class=\"has-text-align-left\" data-align=\"left\">14.00 Uhr bis 15.00 Uhr<\/td>\n<td>\u00a0Schule &#8222;Auf der Schanz&#8220;\u00a0<\/td>\n<\/tr>\n<tr>\n<td>\u00a0<\/td>\n<td class=\"has-text-align-left\" data-align=\"left\">\u00a0<\/td>\n<td>\u00a0<\/td>\n<\/tr>\n<tr>\n<td>Samstag 07.02.2026<\/td>\n<td class=\"has-text-align-left\" data-align=\"left\">14.00 Uhr bis 16.00 Uhr<\/td>\n<td>\u00a0Schule &#8222;Auf der Schanz&#8220;\u00a0<\/td>\n<\/tr>\n<tr>\n<td>Samstag 28.02.2026<\/td>\n<td class=\"has-text-align-left\" data-align=\"left\">14.00 Uhr bis 15.00 Uhr<\/td>\n<td>\u00a0Schule &#8222;Auf der Schanz&#8220;\u00a0<\/td>\n<\/tr>\n<tr>\n<td>\u00a0<\/td>\n<td class=\"has-text-align-left\" data-align=\"left\">\u00a0<\/td>\n<td>\u00a0<\/td>\n<\/tr>\n<tr>\n<td>Samstag 14.03.2026<\/td>\n<td class=\"has-text-align-left\" data-align=\"left\">14.00 Uhr bis 16.00 Uhr<\/td>\n<td>\u00a0Schule &#8222;Auf der Schanz&#8220;\u00a0<\/td>\n<\/tr>\n<tr>\n<td>Samstag 21.03.2026<\/td>\n<td class=\"has-text-align-left\" data-align=\"left\">14.00 Uhr bis 15.00 Uhr<\/td>\n<td>\u00a0Schule &#8222;Auf der Schanz&#8220;\u00a0<\/td>\n<\/tr>\n<tr>\n<td>\u00a0<\/td>\n<td class=\"has-text-align-left\" data-align=\"left\">\u00a0<\/td>\n<td>\u00a0<\/td>\n<\/tr>\n<tr>\n<td>Samstag 11.04.2026<\/td>\n<td class=\"has-text-align-left\" data-align=\"left\">14.00 Uhr bis 16.00 Uhr<\/td>\n<td>Schule &#8222;Auf der Schanz&#8220;\u00a0<\/td>\n<\/tr>\n<tr>\n<td>\u00a0Samstag 25.04.2026<\/td>\n<td class=\"has-text-align-left\" data-align=\"left\">14.00 Uhr bis 15.00 Uhr<\/td>\n<td>\u00a0Schule &#8222;Auf der Schanz&#8220;\u00a0<\/td>\n<\/tr>\n<tr>\n<td>\u00a0<\/td>\n<td class=\"has-text-align-left\" data-align=\"left\">\u00a0<\/td>\n<td>\u00a0<\/td>\n<\/tr>\n<tr>\n<td>\u00a0Samstag 09.05.2026<\/td>\n<td class=\"has-text-align-left\" data-align=\"left\">\u00a014.00 Uhr bis 16.00 Uhr<\/td>\n<td>\u00a0Schule &#8222;Auf der Schanz&#8220;\u00a0<\/td>\n<\/tr>\n<tr>\n<td>\u00a0Samstag 23.05.2026<\/td>\n<td class=\"has-text-align-left\" data-align=\"left\">\u00a014.00 Uhr bis 15.00 Uhr<\/td>\n<td>\u00a0Schule &#8222;Auf der Schanz&#8220;\u00a0<\/td>\n<\/tr>\n<tr>\n<td>\u00a0<\/td>\n<td class=\"has-text-align-left\" data-align=\"left\">\u00a0<\/td>\n<td>\u00a0<\/td>\n<\/tr>\n<tr>\n<td>\u00a0Samstag 20.06.2025<\/td>\n<td class=\"has-text-align-left\" data-align=\"left\">\u00a014.00 Uhr bis 16.00 Uhr<\/td>\n<td>\u00a0Schule &#8222;Auf der Schanz&#8220;\u00a0<\/td>\n<\/tr>\n<tr>\n<td>\u00a0Samstag 27.06.2026<\/td>\n<td class=\"has-text-align-left\" data-align=\"left\">\u00a014.00 Uhr bis 15.00 Uhr<\/td>\n<td>\u00a0Schule &#8222;Auf der Schanz&#8220;\u00a0<\/td>\n<\/tr>\n<tr>\n<td>\u00a0<\/td>\n<td class=\"has-text-align-left\" data-align=\"left\">\u00a0<\/td>\n<td>\u00a0<\/td>\n<\/tr>\n<tr>\n<td>\u00a0Samstag 11.07.2026<\/td>\n<td class=\"has-text-align-left\" data-align=\"left\">\u00a014.00 Uhr bis 16.00 Uhr<\/td>\n<td>\u00a0Schule &#8222;Auf der Schanz&#8220;\u00a0<\/td>\n<\/tr>\n<tr>\n<td>\u00a0Samstag 25.07.2026<\/td>\n<td class=\"has-text-align-left\" data-align=\"left\">\u00a014.00 Uhr bis 15.00 Uhr<\/td>\n<td>\u00a0Schule &#8222;Auf der Schanz&#8220;\u00a0<\/td>\n<\/tr>\n<tr>\n<td>\u00a0<\/td>\n<td class=\"has-text-align-left\" data-align=\"left\">\u00a0<\/td>\n<td>\u00a0<\/td>\n<\/tr>\n<tr>\n<td>\u00a0Samstag 12.09.2026<\/td>\n<td class=\"has-text-align-left\" data-align=\"left\">\u00a014.00 Uhr bis 16.00 Uhr<\/td>\n<td>\u00a0Schule &#8222;Auf der Schanz&#8220;\u00a0<\/td>\n<\/tr>\n<tr>\n<td>\u00a0Samstag 26.09.2026<\/td>\n<td class=\"has-text-align-left\" data-align=\"left\">\u00a014.00 Uhr bis 15.00 Uhr<\/td>\n<td>\u00a0Schule &#8222;Auf der Schanz&#8220;\u00a0<\/td>\n<\/tr>\n<tr>\n<td>\u00a0<\/td>\n<td class=\"has-text-align-left\" data-align=\"left\">\u00a0<\/td>\n<td>\u00a0<\/td>\n<\/tr>\n<tr>\n<td>\u00a0Samstag 10.10.2026<\/td>\n<td class=\"has-text-align-left\" data-align=\"left\">\u00a014.00 Uhr bis 16.00 Uhr<\/td>\n<td>\u00a0Schule &#8222;Auf der Schanz&#8220;\u00a0<\/td>\n<\/tr>\n<tr>\n<td>\u00a0Samstag 24.10.2026<\/td>\n<td class=\"has-text-align-left\" data-align=\"left\">\u00a014.00 Uhr bis 15.00 Uhr<\/td>\n<td>\u00a0Schule &#8222;Auf der Schanz&#8220;\u00a0<\/td>\n<\/tr>\n<tr>\n<td>\u00a0<\/td>\n<td class=\"has-text-align-left\" data-align=\"left\">\u00a0<\/td>\n<td>\u00a0<\/td>\n<\/tr>\n<tr>\n<td>Samstag 14.11.2026<\/td>\n<td class=\"has-text-align-left\" data-align=\"left\">14.00 Uhr bis 16.00 Uhr<\/td>\n<td>Schule &#8222;Auf der Schanz&#8220;\u00a0<\/td>\n<\/tr>\n<tr>\n<td>Samstag 21.11.2026<\/td>\n<td class=\"has-text-align-left\" data-align=\"left\">14.00 Uhr bis 15.00 Uhr<\/td>\n<td>Schule &#8222;Auf der Schanz&#8220;\u00a0<\/td>\n<\/tr>\n<tr>\n<td>\u00a0<\/td>\n<td class=\"has-text-align-left\" data-align=\"left\">\u00a0<\/td>\n<td>\u00a0<\/td>\n<\/tr>\n<tr>\n<td>Samstag 05.12.2026<\/td>\n<td class=\"has-text-align-left\" data-align=\"left\">14.00 Uhr bis 16.00 Uhr<\/td>\n<td>Schule &#8222;Auf der Schanz&#8220;\u00a0<\/td>\n<\/tr>\n<tr>\n<td>Samstag 12.12.2026<\/td>\n<td class=\"has-text-align-left\" data-align=\"left\">14.00 Uhr bis 15.00 Uhr<\/td>\n<td>Schule &#8222;Auf der Schanz&#8220;\u00a0<\/td>\n<\/tr>\n<\/tbody>\n<\/table>\n<\/figure>\n\t\t\t\t\t\t\t\t<\/div>\n\t\t\t\t<div class=\"elementor-element elementor-element-fa9c1f1 elementor-widget elementor-widget-heading\" data-id=\"fa9c1f1\" data-element_type=\"widget\" data-e-type=\"widget\" data-widget_type=\"heading.default\">\n\t\t\t\t\t<h2 class=\"elementor-heading-title elementor-size-default\">Wissenswertes zu Line-Dance<\/h2>\t\t\t\t<\/div>\n\t\t\t\t<div class=\"elementor-element elementor-element-70c65b4 elementor-widget elementor-widget-image\" data-id=\"70c65b4\" data-element_type=\"widget\" data-e-type=\"widget\" data-widget_type=\"image.default\">\n\t\t\t\t\t\t\t\t\t\t\t\t\t\t\t<img fetchpriority=\"high\" decoding=\"async\" width=\"584\" height=\"438\" src=\"https:\/\/www.kneippverein-ingolstadt.de\/wp-content\/uploads\/2025\/12\/2025-Line-Dance-Gruppe-1280x960.jpg\" class=\"attachment-large size-large wp-image-7200\" alt=\"\" srcset=\"https:\/\/www.kneippverein-ingolstadt.de\/wp-content\/uploads\/2025\/12\/2025-Line-Dance-Gruppe-1280x960.jpg 1280w, https:\/\/www.kneippverein-ingolstadt.de\/wp-content\/uploads\/2025\/12\/2025-Line-Dance-Gruppe-300x225.jpg 300w, https:\/\/www.kneippverein-ingolstadt.de\/wp-content\/uploads\/2025\/12\/2025-Line-Dance-Gruppe-768x576.jpg 768w, https:\/\/www.kneippverein-ingolstadt.de\/wp-content\/uploads\/2025\/12\/2025-Line-Dance-Gruppe-1536x1152.jpg 1536w, https:\/\/www.kneippverein-ingolstadt.de\/wp-content\/uploads\/2025\/12\/2025-Line-Dance-Gruppe-400x300.jpg 400w, https:\/\/www.kneippverein-ingolstadt.de\/wp-content\/uploads\/2025\/12\/2025-Line-Dance-Gruppe.jpg 1600w\" sizes=\"(max-width: 584px) 100vw, 584px\" \/>\t\t\t\t\t\t\t\t\t\t\t\t\t\t\t<\/div>\n\t\t\t\t<div class=\"elementor-element elementor-element-404e0c2 elementor-widget elementor-widget-text-editor\" data-id=\"404e0c2\" data-element_type=\"widget\" data-e-type=\"widget\" data-widget_type=\"text-editor.default\">\n\t\t\t\t\t\t\t\t\t<p><strong>Die Geschichte von Line Dance<\/strong><\/p>\n<p>Wo Line Dance seine Urspr\u00fcnge hat, ist nicht genau gekl\u00e4rt und es gibt verschiedene Ansichten \u00fcber die Entstehung der Tanzform. Wahrscheinlich liegen die Wurzeln in europ\u00e4ischen Folk-T\u00e4nzen wie irische und schottische Clant\u00e4nze, dem Rheinl\u00e4nder, Polka und dem franz\u00f6sischen Contra-Tanz, die Einwanderer im 19. Jahrhundert in die USA gebracht haben. Die Siedler und Cowboys \u00fcbernahmen verschiedene Teile und vermischten die unterschiedlichen Tanzarten miteinander, woraus sich die erste Form von Line Dance entwickelte. F\u00fcr diese Theorie gibt es jedoch keine definitiven Belege. Eine andere Version \u00fcber den Ursprung der Tanzform sieht die Entstehung von Line Dance in den amerikanischen Discos der 1950er und 60er-Jahre. Hier fanden sich junge Menschen zusammen und tanzten nebeneinander kurze, sich wiederholende Schrittfolgen wie den \u201cMashed Potato\u201d oder den \u201cElephant Walk\u201d. Statt zu Country wurden die ersten T\u00e4nze zu modernen Musikrichtungen wie Swing, Rock und Pop getanzt. Ein Highlight war auch die amerikanische TV-Sendung American Bandstand, in der w\u00f6chentlich neue Choreografien unter dem Namen Line Dance pr\u00e4sentiert wurden. In den 1980er-Jahren, als sich Pop und Country miteinander vermischen, erhielt auch dieser Musikstil beim Line Dance Einzug.\u00a0<\/p>\t\t\t\t\t\t\t\t<\/div>\n\t\t\t\t<div class=\"elementor-element elementor-element-bde0d9e elementor-widget elementor-widget-text-editor\" data-id=\"bde0d9e\" data-element_type=\"widget\" data-e-type=\"widget\" data-widget_type=\"text-editor.default\">\n\t\t\t\t\t\t\t\t\t<p><strong>F\u00fcr wen ist Line Dance geeignet<\/strong><\/p>\n<p>Das Sch\u00f6ne am Line Dance ist, dass es f\u00fcr jedes Alter geeignet ist. Bereits junge Kinder sind in der Lage, einfache Schrittkombinationen zu lernen und auch \u00e4ltere Menschen k\u00f6nnen bei der Musik mithalten. Die Schrittfolgen bei Line Dance reichen von kurz und unkompliziert bis hin zu komplex und anspruchsvoll. So findet jeder Anf\u00e4nger schnell den Einstieg und kann mittanzen, doch es wird nie langweilig. Wer Line Dance lernen m\u00f6chte, kann dies bei uns im Kneippverein Ingolstadt e.V. tun. Das Niveau ist egal, wichtig ist nur, dass man Spa\u00df am Rhythmus und der Bewegung hat!<br \/><strong>Kommen Sie einfach zum Schnuppern an unseren \u00dcbungsnachmittagen vorbei<\/strong><\/p>\t\t\t\t\t\t\t\t<\/div>\n\t\t\t\t<\/div>\n\t\t<div class=\"elementor-element elementor-element-c7a18dd e-con-full e-flex e-con e-parent\" data-id=\"c7a18dd\" data-element_type=\"container\" data-e-type=\"container\">\n\t\t<div class=\"elementor-element elementor-element-61fe645 e-con-full e-flex e-con e-child\" data-id=\"61fe645\" data-element_type=\"container\" data-e-type=\"container\">\n\t\t\t\t<\/div>\n\t\t<div class=\"elementor-element elementor-element-6bb996c e-con-full e-flex e-con e-child\" data-id=\"6bb996c\" data-element_type=\"container\" data-e-type=\"container\">\n\t\t\t\t<div class=\"elementor-element elementor-element-f9ce4e2 elementor-widget elementor-widget-text-editor\" data-id=\"f9ce4e2\" data-element_type=\"widget\" data-e-type=\"widget\" data-widget_type=\"text-editor.default\">\n\t\t\t\t\t\t\t\t\t<p><strong>Musik und Schritte<\/strong><\/p>\n<p>Line Dance ist vielseitig und wird zu mehreren Musikstilen getanzt. Das macht die Tanzform auch so beliebt, denn es gibt f\u00fcr alle Vorlieben entsprechende T\u00e4nze. Typisch f\u00fcr Line-Dance ist Country Musik, aber auch Rock\u00b4n Roll, Oldies, Pop und Hip-Hop werden je nach Musikgeschmack gerne getanzt. Man unterscheidet zwischen verschiedenen Kategorien:<\/p>\n<ul>\n<li>Rise and Fall (Walzer)<\/li>\n<li>Lilt (Polka, Swing)<\/li>\n<li>Smooth (Two-Step, West-Coast-Swing, Night-Club Two-Step)<\/li>\n<li>Funky (Hip-Hop, Pop)<\/li>\n<li style=\"text-align: left;\">Latin \/ Cuban (Rumba, Cha Cha<\/li>\n<\/ul>\n<p>Je nach Musikrichtung werden die Schrittkombinationen unterschiedlich ausgef\u00fchrt. Die Schritte haben festgelegte Namen wie Jazz Box, Rock Step oder Rocking Chair, sodass die Schrittfolge auch m\u00fcndlich weitergegeben werden kann. Die Choreografien sind homogen und werden meist von bekannten Line-Dance-Choreografen geschrieben. Sie werden \u00fcberall einheitlich vermittelt, sodass T\u00e4nzer aus verschiedenen L\u00e4ndern ohne Probe gemeinsam tanzen k\u00f6nnen.<\/p>\t\t\t\t\t\t\t\t<\/div>\n\t\t<div class=\"elementor-element elementor-element-f8b990f e-con-full e-flex e-con e-child\" data-id=\"f8b990f\" data-element_type=\"container\" data-e-type=\"container\">\n\t\t\t\t<\/div>\n\t\t<div class=\"elementor-element elementor-element-2a9aa60 e-con-full e-flex e-con e-child\" data-id=\"2a9aa60\" data-element_type=\"container\" data-e-type=\"container\">\n\t\t\t\t<\/div>\n\t\t\t\t<\/div>\n\t\t\t\t<\/div>\n\t\t<div class=\"elementor-element elementor-element-7716faa e-flex e-con-boxed e-con e-parent\" data-id=\"7716faa\" data-element_type=\"container\" data-e-type=\"container\">\n\t\t\t\t\t<div class=\"e-con-inner\">\n\t\t\t\t\t<\/div>\n\t\t\t\t<\/div>\n\t\t<div class=\"elementor-element elementor-element-4cccc92 e-flex e-con-boxed e-con e-parent\" data-id=\"4cccc92\" data-element_type=\"container\" data-e-type=\"container\">\n\t\t\t\t\t<div class=\"e-con-inner\">\n\t\t\t\t\t<\/div>\n\t\t\t\t<\/div>\n\t\t\t\t<\/div>\n\t\t","protected":false},"excerpt":{"rendered":"<p>Samstag 10.01.2026 14.00 Uhr bis 16.00 Uhr Schule &#8222;Auf der Schanz&#8220;\u00a0 Samstag 31.01.2026 14.00 Uhr bis 15.00 Uhr \u00a0Schule &#8222;Auf der Schanz&#8220;\u00a0 \u00a0 \u00a0 \u00a0 Samstag 07.02.2026 14.00 Uhr bis 16.00 Uhr \u00a0Schule &#8222;Auf der Schanz&#8220;\u00a0 Samstag 28.02.2026 14.00 Uhr &hellip; <a href=\"https:\/\/www.kneippverein-ingolstadt.de\/?page_id=7169\">Weiterlesen <span class=\"meta-nav\">&rarr;<\/span><\/a><\/p>\n","protected":false},"author":5,"featured_media":0,"parent":0,"menu_order":0,"comment_status":"closed","ping_status":"closed","template":"","meta":{"_eb_attr":"","ngg_post_thumbnail":0,"footnotes":""},"class_list":["post-7169","page","type-page","status-publish","hentry"],"_links":{"self":[{"href":"https:\/\/www.kneippverein-ingolstadt.de\/index.php?rest_route=\/wp\/v2\/pages\/7169","targetHints":{"allow":["GET"]}}],"collection":[{"href":"https:\/\/www.kneippverein-ingolstadt.de\/index.php?rest_route=\/wp\/v2\/pages"}],"about":[{"href":"https:\/\/www.kneippverein-ingolstadt.de\/index.php?rest_route=\/wp\/v2\/types\/page"}],"author":[{"embeddable":true,"href":"https:\/\/www.kneippverein-ingolstadt.de\/index.php?rest_route=\/wp\/v2\/users\/5"}],"replies":[{"embeddable":true,"href":"https:\/\/www.kneippverein-ingolstadt.de\/index.php?rest_route=%2Fwp%2Fv2%2Fcomments&post=7169"}],"version-history":[{"count":30,"href":"https:\/\/www.kneippverein-ingolstadt.de\/index.php?rest_route=\/wp\/v2\/pages\/7169\/revisions"}],"predecessor-version":[{"id":7742,"href":"https:\/\/www.kneippverein-ingolstadt.de\/index.php?rest_route=\/wp\/v2\/pages\/7169\/revisions\/7742"}],"wp:attachment":[{"href":"https:\/\/www.kneippverein-ingolstadt.de\/index.php?rest_route=%2Fwp%2Fv2%2Fmedia&parent=7169"}],"curies":[{"name":"wp","href":"https:\/\/api.w.org\/{rel}","templated":true}]}}