{"id":7336,"date":"2026-01-01T14:58:22","date_gmt":"2026-01-01T14:58:22","guid":{"rendered":"https:\/\/www.kneippverein-ingolstadt.de\/?page_id=7336"},"modified":"2026-01-01T15:04:32","modified_gmt":"2026-01-01T15:04:32","slug":"gymnastik","status":"publish","type":"page","link":"https:\/\/www.kneippverein-ingolstadt.de\/?page_id=7336","title":{"rendered":"Gymnastik"},"content":{"rendered":"\t\t<div data-elementor-type=\"wp-page\" data-elementor-id=\"7336\" class=\"elementor elementor-7336\">\n\t\t\t\t<div class=\"elementor-element elementor-element-ceca916 e-flex e-con-boxed e-con e-parent\" data-id=\"ceca916\" data-element_type=\"container\" data-e-type=\"container\">\n\t\t\t\t\t<div class=\"e-con-inner\">\n\t\t\t\t<div class=\"elementor-element elementor-element-6be1cf5 elementor-widget elementor-widget-image\" data-id=\"6be1cf5\" data-element_type=\"widget\" data-e-type=\"widget\" data-widget_type=\"image.default\">\n\t\t\t\t\t\t\t\t\t\t\t\t\t\t\t<img fetchpriority=\"high\" decoding=\"async\" width=\"584\" height=\"390\" src=\"https:\/\/www.kneippverein-ingolstadt.de\/wp-content\/uploads\/2026\/01\/Gymnastik-1280x855.jpg\" class=\"attachment-large size-large wp-image-7337\" alt=\"\" srcset=\"https:\/\/www.kneippverein-ingolstadt.de\/wp-content\/uploads\/2026\/01\/Gymnastik-1280x855.jpg 1280w, https:\/\/www.kneippverein-ingolstadt.de\/wp-content\/uploads\/2026\/01\/Gymnastik-300x200.jpg 300w, https:\/\/www.kneippverein-ingolstadt.de\/wp-content\/uploads\/2026\/01\/Gymnastik-768x513.jpg 768w, https:\/\/www.kneippverein-ingolstadt.de\/wp-content\/uploads\/2026\/01\/Gymnastik-1536x1025.jpg 1536w, https:\/\/www.kneippverein-ingolstadt.de\/wp-content\/uploads\/2026\/01\/Gymnastik-2048x1367.jpg 2048w, https:\/\/www.kneippverein-ingolstadt.de\/wp-content\/uploads\/2026\/01\/Gymnastik-449x300.jpg 449w, https:\/\/www.kneippverein-ingolstadt.de\/wp-content\/uploads\/2026\/01\/Gymnastik-272x182.jpg 272w\" sizes=\"(max-width: 584px) 100vw, 584px\" \/>\t\t\t\t\t\t\t\t\t\t\t\t\t\t\t<\/div>\n\t\t\t\t\t<\/div>\n\t\t\t\t<\/div>\n\t\t<div class=\"elementor-element elementor-element-b77f875 e-flex e-con-boxed e-con e-parent\" data-id=\"b77f875\" data-element_type=\"container\" data-e-type=\"container\">\n\t\t\t\t\t<div class=\"e-con-inner\">\n\t\t\t\t<div class=\"elementor-element elementor-element-3c1c83d elementor-widget elementor-widget-heading\" data-id=\"3c1c83d\" data-element_type=\"widget\" data-e-type=\"widget\" data-widget_type=\"heading.default\">\n\t\t\t\t\t<h2 class=\"elementor-heading-title elementor-size-default\">Warum Gymnastik?\n\n\n<\/h2>\t\t\t\t<\/div>\n\t\t\t\t<div class=\"elementor-element elementor-element-be0eedb elementor-widget elementor-widget-heading\" data-id=\"be0eedb\" data-element_type=\"widget\" data-e-type=\"widget\" data-widget_type=\"heading.default\">\n\t\t\t\t\t<h2 class=\"elementor-heading-title elementor-size-default\">Regelm\u00e4\u00dfiges Training kann dazu beitragen, Beschwerden dauerhaft loszuwerden und ein positives K\u00f6rpergef\u00fchl zu erlangen.<\/h2>\t\t\t\t<\/div>\n\t\t\t\t\t<\/div>\n\t\t\t\t<\/div>\n\t\t<div class=\"elementor-element elementor-element-114fd57 e-con-full e-flex e-con e-parent\" data-id=\"114fd57\" data-element_type=\"container\" data-e-type=\"container\">\n\t\t<div class=\"elementor-element elementor-element-050e7c5 e-con-full e-flex e-con e-child\" data-id=\"050e7c5\" data-element_type=\"container\" data-e-type=\"container\">\n\t\t\t\t<div class=\"elementor-element elementor-element-3bb0a6b elementor-widget__width-initial elementor-widget elementor-widget-text-editor\" data-id=\"3bb0a6b\" data-element_type=\"widget\" data-e-type=\"widget\" data-widget_type=\"text-editor.default\">\n\t\t\t\t\t\t\t\t\t<p>Durch Gymnastik k\u00f6nnen die Muskeln im K\u00f6rper gest\u00e4rkt, beweglicher gemacht und das Zusammenspiel zwischen den Muskelgruppen gef\u00f6rdert werden. Vernachl\u00e4ssigte Muskelpartien k\u00f6nnen gest\u00e4rkt und die K\u00f6rperhaltung wieder ins Gleichgewicht gebracht werden. Muskeln, die nicht regelm\u00e4\u00dfig benutzt werden, verk\u00fcrzen sich und werden schwach.<br \/>Dadurch beeintr\u00e4chtigt sich die Leistungsf\u00e4higkeit, was zu Verspannungen und leider in vielen F\u00e4llen sogar zu Schmerzen f\u00fchren kann. Um dies zu vermeiden, ist es wichtig, die vernachl\u00e4ssigten Muskelgruppen zu st\u00e4rken. Durch Dehn\u00fcbungen l\u00f6st man die Anspannungen und f\u00f6rdert die Beweglichkeit.<\/p><blockquote><p>Es hat somit einen positiven Effekt auf den gesamten K\u00f6rper und es ist f\u00fcr jeden eine \u00dcbung dabei.<\/p><\/blockquote><p><strong>Dieser Nutzen wird jedem Menschen, egal welchen Alters, zu Gute kommen.<\/strong> J\u00fcngere Menschen sind meist schon beweglicher als \u00e4ltere, doch auch hier kann ein regelm\u00e4\u00dfiges Training Vorteile bringen. Personen, die unter speziellen Beschwerden wie R\u00fccken-, Nacken-, Schulter- oder Knieproblemen leiden, k\u00f6nnen gezielt \u00dcbungen machen, die auf ihre Bed\u00fcrfnisse abgestimmt sind. Allerdings ist es ratsam, vorher einen Arzt oder Physiotherapeuten zu Rate zu ziehen, um die Ursache der Beschwerden herauszufinden und gegebenenfalls eine Physiotherapie verordnet zu bekommen. Auch bei Arthrose, entz\u00fcndlichen Gelenkerkrankungen oder Muskelbeschwerden ist es empfehlenswert, sich fachlichen Rat einzuholen, um die bestm\u00f6gliche Gymnastik f\u00fcr den jeweiligen Fall zu finden.<\/p><p><em><strong>Achtung!:<\/strong> Allerdings sollte man bei der Ausf\u00fchrung vorsichtig sein und immer auf seinen K\u00f6rper h\u00f6ren. Wenn es bei bestimmten Bewegungen schmerzt oder die Intensit\u00e4t zu hoch wird, ist es besser, die \u00dcbungen abzubrechen und es am n\u00e4chsten Tag erneut zu versuchen. Wenn die Beschwerden weiterhin bestehen, ist ein Arztbesuch ratsam, denn manchmal stecken andere Probleme hinter Schmerzen in bestimmten K\u00f6rperregionen.<\/em><\/p><p><strong>Es ist im Allgemeinen wichtig, seine Ziele nicht zu hoch anzusetzen, denn es dauert einige Zeit, bis man die Ergebnisse der Gymnastik\u00fcbungen sehen kann<\/strong>. Man sollte sich nicht von anderen, die vielleicht schon viel l\u00e4nger trainieren, unter Druck setzen. Man sollte die \u00dcbungen machen, so gut es gerade geht und ohne sich zu \u00fcberanstrengen. Um sicherzustellen, dass man sich nicht verletzt, ist es am besten, sich einer Gruppe unter fachkundiger Anleitung anzuschlie\u00dfen. Zudem kann man sich durch die Gleichgesinnten zus\u00e4tzlich motiviert f\u00fchlen.<\/p>\t\t\t\t\t\t\t\t<\/div>\n\t\t\t\t<\/div>\n\t\t<div class=\"elementor-element elementor-element-2f3140e e-con-full e-flex e-con e-child\" data-id=\"2f3140e\" data-element_type=\"container\" data-e-type=\"container\">\n\t\t<div class=\"elementor-element elementor-element-a322b0b e-con-full e-flex e-con e-child\" data-id=\"a322b0b\" data-element_type=\"container\" data-e-type=\"container\">\n\t\t\t\t<div class=\"elementor-element elementor-element-2d1858a elementor-widget__width-initial elementor-widget elementor-widget-text-editor\" data-id=\"2d1858a\" data-element_type=\"widget\" data-e-type=\"widget\" data-widget_type=\"text-editor.default\">\n\t\t\t\t\t\t\t\t\t<p><strong>\u00dcbungsleiterin Gerda<br \/><br \/>Montag 18.30 Uhr\u00a0 &#8211; 19.30 Uhr<br \/>Ort: Schule auf der Schanz<br \/><\/strong><\/p><p>Seniorengerechte Gymnastik.<br \/>\u00dcbungen die den Gleich-<br \/>gewichtssinn und die Koordination f\u00f6rdern.<br \/>Leichte R\u00fcckengymnastik<\/p>\t\t\t\t\t\t\t\t<\/div>\n\t\t\t\t<div class=\"elementor-element elementor-element-d19ff02 elementor-widget elementor-widget-text-editor\" data-id=\"d19ff02\" data-element_type=\"widget\" data-e-type=\"widget\" data-widget_type=\"text-editor.default\">\n\t\t\t\t\t\t\t\t\t<p><strong>\u00dcbungsleiterin Christiane<br \/><br \/>Montag 19.30 Uhr &#8211; 20.30 Uhr<br \/>Ort: Schule auf der Schanz<br \/><\/strong><\/p><p>Moderne Gymnastik mit Musik.<br \/>F\u00fcr Junge und Junggebliebene<br \/>Leicht fordernd.<\/p>\t\t\t\t\t\t\t\t<\/div>\n\t\t\t\t<div class=\"elementor-element elementor-element-44f9d0a elementor-widget elementor-widget-text-editor\" data-id=\"44f9d0a\" data-element_type=\"widget\" data-e-type=\"widget\" data-widget_type=\"text-editor.default\">\n\t\t\t\t\t\t\t\t\t<p><strong>\u00dcbungsleiterin Gisela<\/strong><\/p><p>Donnerstag 09.00 Uhr &#8211; 10.00 Uhr<br \/>Ort: TSV Ingolstadt Nord<br \/>Wettkampfarena<\/p><p>Fr\u00fchsport mit Gisela. Gymnastik mit Elementen von Pilates.<\/p>\t\t\t\t\t\t\t\t<\/div>\n\t\t\t\t<\/div>\n\t\t<div class=\"elementor-element elementor-element-f611959 e-con-full e-flex e-con e-child\" data-id=\"f611959\" data-element_type=\"container\" data-e-type=\"container\">\n\t\t\t\t<\/div>\n\t\t\t\t<\/div>\n\t\t\t\t<\/div>\n\t\t\t\t<\/div>\n\t\t","protected":false},"excerpt":{"rendered":"<p>Warum Gymnastik? Regelm\u00e4\u00dfiges Training kann dazu beitragen, Beschwerden dauerhaft loszuwerden und ein positives K\u00f6rpergef\u00fchl zu erlangen. Durch Gymnastik k\u00f6nnen die Muskeln im K\u00f6rper gest\u00e4rkt, beweglicher gemacht und das Zusammenspiel zwischen den Muskelgruppen gef\u00f6rdert werden. Vernachl\u00e4ssigte Muskelpartien k\u00f6nnen gest\u00e4rkt und die &hellip; <a href=\"https:\/\/www.kneippverein-ingolstadt.de\/?page_id=7336\">Weiterlesen <span class=\"meta-nav\">&rarr;<\/span><\/a><\/p>\n","protected":false},"author":5,"featured_media":0,"parent":0,"menu_order":0,"comment_status":"closed","ping_status":"closed","template":"","meta":{"_eb_attr":"","ngg_post_thumbnail":0,"footnotes":""},"class_list":["post-7336","page","type-page","status-publish","hentry"],"_links":{"self":[{"href":"https:\/\/www.kneippverein-ingolstadt.de\/index.php?rest_route=\/wp\/v2\/pages\/7336","targetHints":{"allow":["GET"]}}],"collection":[{"href":"https:\/\/www.kneippverein-ingolstadt.de\/index.php?rest_route=\/wp\/v2\/pages"}],"about":[{"href":"https:\/\/www.kneippverein-ingolstadt.de\/index.php?rest_route=\/wp\/v2\/types\/page"}],"author":[{"embeddable":true,"href":"https:\/\/www.kneippverein-ingolstadt.de\/index.php?rest_route=\/wp\/v2\/users\/5"}],"replies":[{"embeddable":true,"href":"https:\/\/www.kneippverein-ingolstadt.de\/index.php?rest_route=%2Fwp%2Fv2%2Fcomments&post=7336"}],"version-history":[{"count":6,"href":"https:\/\/www.kneippverein-ingolstadt.de\/index.php?rest_route=\/wp\/v2\/pages\/7336\/revisions"}],"predecessor-version":[{"id":7344,"href":"https:\/\/www.kneippverein-ingolstadt.de\/index.php?rest_route=\/wp\/v2\/pages\/7336\/revisions\/7344"}],"wp:attachment":[{"href":"https:\/\/www.kneippverein-ingolstadt.de\/index.php?rest_route=%2Fwp%2Fv2%2Fmedia&parent=7336"}],"curies":[{"name":"wp","href":"https:\/\/api.w.org\/{rel}","templated":true}]}}