{"id":7458,"date":"2026-01-02T18:51:11","date_gmt":"2026-01-02T18:51:11","guid":{"rendered":"https:\/\/www.kneippverein-ingolstadt.de\/?page_id=7458"},"modified":"2026-01-15T22:08:45","modified_gmt":"2026-01-15T22:08:45","slug":"verein","status":"publish","type":"page","link":"https:\/\/www.kneippverein-ingolstadt.de\/?page_id=7458","title":{"rendered":"Verein"},"content":{"rendered":"\t\t<div data-elementor-type=\"wp-page\" data-elementor-id=\"7458\" class=\"elementor elementor-7458\">\n\t\t\t\t<div class=\"elementor-element elementor-element-ff122fb e-flex e-con-boxed e-con e-parent\" data-id=\"ff122fb\" data-element_type=\"container\" data-e-type=\"container\">\n\t\t\t\t\t<div class=\"e-con-inner\">\n\t\t\t\t<div class=\"elementor-element elementor-element-503d933 elementor-widget elementor-widget-image\" data-id=\"503d933\" data-element_type=\"widget\" data-e-type=\"widget\" data-widget_type=\"image.default\">\n\t\t\t\t\t\t\t\t\t\t\t\t\t\t\t<img fetchpriority=\"high\" decoding=\"async\" width=\"584\" height=\"334\" src=\"https:\/\/www.kneippverein-ingolstadt.de\/wp-content\/uploads\/2026\/01\/Wittelsbacher-Hof-Ingolstadt.png\" class=\"attachment-large size-large wp-image-7518\" alt=\"\" srcset=\"https:\/\/www.kneippverein-ingolstadt.de\/wp-content\/uploads\/2026\/01\/Wittelsbacher-Hof-Ingolstadt.png 701w, https:\/\/www.kneippverein-ingolstadt.de\/wp-content\/uploads\/2026\/01\/Wittelsbacher-Hof-Ingolstadt-300x172.png 300w, https:\/\/www.kneippverein-ingolstadt.de\/wp-content\/uploads\/2026\/01\/Wittelsbacher-Hof-Ingolstadt-500x286.png 500w\" sizes=\"(max-width: 584px) 100vw, 584px\" \/>\t\t\t\t\t\t\t\t\t\t\t\t\t\t\t<\/div>\n\t\t\t\t\t<\/div>\n\t\t\t\t<\/div>\n\t\t<div class=\"elementor-element elementor-element-21a0833 e-flex e-con-boxed e-con e-parent\" data-id=\"21a0833\" data-element_type=\"container\" data-e-type=\"container\">\n\t\t\t\t\t<div class=\"e-con-inner\">\n\t\t\t\t<div class=\"elementor-element elementor-element-f850403 elementor-widget elementor-widget-text-editor\" data-id=\"f850403\" data-element_type=\"widget\" data-e-type=\"widget\" data-widget_type=\"text-editor.default\">\n\t\t\t\t\t\t\t\t\t<article id=\"post-19\"><h1>Am 09.10.1923 fand im Saal des Hotels \u201eWittelsbacher Hof\u201c in der Donaustrasse ein \u00f6ffentlicher Vortrag von Kurarzt Dr. Spenger \u00fcber das Wesen der Naturheilmethode, speziell der Kneippkur und der Kneipplehre statt.<\/h1><h1>Bei dieser Gelegenheit wurde der Kneippverein Ingolstadt,\u00a0dem sofort 43 Mitglieder beitraten,\u00a0gegr\u00fcndet.<\/h1><p><strong>Derzeit hat der Kneippverein ca. 200 Mitglieder (Stand 2025)<\/strong><\/p><h1>Satzung<\/h1><p><strong><a href=\"https:\/\/www.kneippverein-ingolstadt.de\/wp-content\/uploads\/2011\/07\/satzung.pdf\" target=\"_blank\" rel=\"noopener noreferrer\">Download Satzung<\/a><\/strong><\/p><h1>Aufnahmeantrag<\/h1><p><a href=\"https:\/\/www.kneippverein-ingolstadt.de\/wp-content\/uploads\/2025\/12\/1-Aufnahmeantrag-Kneipp-Verein.pdf\"><strong>Download Aufnahmeantrag Kneipp-Verein mit SEPA Mandat<\/strong><\/a><\/p><p><strong>Datenschutzerkl\u00e4rung<\/strong><\/p><p><strong><a href=\"https:\/\/www.kneippverein-ingolstadt.de\/wp-content\/uploads\/2026\/01\/8-Datenschutzerklaerung.pdf\">Download Datenschutzerkl\u00e4rung<\/a><\/strong><\/p><p><strong>Sparte buchen<\/strong><\/p><p><a href=\"https:\/\/www.kneippverein-ingolstadt.de\/wp-content\/uploads\/2025\/12\/2_Formular-Sparte-Aktivitaeten-1.pdf\"><strong>Download Formular Sparte Aktivit\u00e4ten<\/strong><\/a><\/p><p>Beitr\u00e4ge<\/p><p>Eine Mitgliedschaft im Kneippverein Ingolstadt kostet\u00a0 j\u00e4hrlich <strong>nur 55,- \u20ac<\/strong>.<br \/>Jedes weitere Familienmitglied: <strong>25,- \u20ac<\/strong>.<br \/>Im Preis inbegriffen ist das 3-monatlich erscheinende Kneipp-Journal.<\/p><p>Zus\u00e4tzlich fallen je nach ausge\u00fcbter Sportart folgende Geb\u00fchren an:<\/p><p>Gymnastik:\u00a0 \u00a0 \u00a0 \u00a0 \u00a0 \u00a0 \u00a0 \u00a0 \u00a0 + 35,00 \u20ac<\/p><p>Wassergymnastik: \u00a0 \u00a0 + 50,00 \u20ac<\/p><p>Yoga:\u00a0 \u00a0 \u00a0 \u00a0 \u00a0 \u00a0 \u00a0 \u00a0 \u00a0 \u00a0 \u00a0 \u00a0 \u00a0 \u00a0 \u00a0+ 85,00 \u20ac<\/p><p>Line Dance:\u00a0 \u00a0 \u00a0 \u00a0 \u00a0 \u00a0 \u00a0 \u00a0 \u00a0 + 35,00 \u20ac<\/p><p>QiGong\u00a0 \u00a0 \u00a0 \u00a0 \u00a0 \u00a0 \u00a0 \u00a0 \u00a0 \u00a0 \u00a0 \u00a0 \u00a0 + 100,00 \u20ac<\/p><p>Nehmen Sie mit uns<a href=\"https:\/\/outlook.office.com\/mail\/0\/inbox\/id\/AAQkAGY0NDA2NDU2LWYxMDYtNDBmOC04MGU1LWJiNmFkNjQ3ZmQxMAAQABi1O5oBiYJGjjm6tTN8IMc%3D?culture=de-de&amp;country=de\"> Kontakt<\/a> auf. Wir informieren Sie gerne \u00fcber unser umfangreiches Angebot.<br \/><a href=\"info@kneippverein-ingolstadt.de\">info@kneippverein-ingolstadt.de<\/a><\/p><footer><\/footer><\/article><footer id=\"colophon\"><\/footer>\t\t\t\t\t\t\t\t<\/div>\n\t\t\t\t\t<\/div>\n\t\t\t\t<\/div>\n\t\t\t\t<\/div>\n\t\t","protected":false},"excerpt":{"rendered":"<p>Am 09.10.1923 fand im Saal des Hotels \u201eWittelsbacher Hof\u201c in der Donaustrasse ein \u00f6ffentlicher Vortrag von Kurarzt Dr. Spenger \u00fcber das Wesen der Naturheilmethode, speziell der Kneippkur und der Kneipplehre statt. Bei dieser Gelegenheit wurde der Kneippverein Ingolstadt,\u00a0dem sofort 43 &hellip; <a href=\"https:\/\/www.kneippverein-ingolstadt.de\/?page_id=7458\">Weiterlesen <span class=\"meta-nav\">&rarr;<\/span><\/a><\/p>\n","protected":false},"author":5,"featured_media":0,"parent":0,"menu_order":0,"comment_status":"closed","ping_status":"closed","template":"","meta":{"_eb_attr":"","ngg_post_thumbnail":0,"footnotes":""},"class_list":["post-7458","page","type-page","status-publish","hentry"],"_links":{"self":[{"href":"https:\/\/www.kneippverein-ingolstadt.de\/index.php?rest_route=\/wp\/v2\/pages\/7458","targetHints":{"allow":["GET"]}}],"collection":[{"href":"https:\/\/www.kneippverein-ingolstadt.de\/index.php?rest_route=\/wp\/v2\/pages"}],"about":[{"href":"https:\/\/www.kneippverein-ingolstadt.de\/index.php?rest_route=\/wp\/v2\/types\/page"}],"author":[{"embeddable":true,"href":"https:\/\/www.kneippverein-ingolstadt.de\/index.php?rest_route=\/wp\/v2\/users\/5"}],"replies":[{"embeddable":true,"href":"https:\/\/www.kneippverein-ingolstadt.de\/index.php?rest_route=%2Fwp%2Fv2%2Fcomments&post=7458"}],"version-history":[{"count":33,"href":"https:\/\/www.kneippverein-ingolstadt.de\/index.php?rest_route=\/wp\/v2\/pages\/7458\/revisions"}],"predecessor-version":[{"id":7621,"href":"https:\/\/www.kneippverein-ingolstadt.de\/index.php?rest_route=\/wp\/v2\/pages\/7458\/revisions\/7621"}],"wp:attachment":[{"href":"https:\/\/www.kneippverein-ingolstadt.de\/index.php?rest_route=%2Fwp%2Fv2%2Fmedia&parent=7458"}],"curies":[{"name":"wp","href":"https:\/\/api.w.org\/{rel}","templated":true}]}}