{"id":7634,"date":"2026-01-22T21:07:26","date_gmt":"2026-01-22T21:07:26","guid":{"rendered":"https:\/\/www.kneippverein-ingolstadt.de\/?page_id=7634"},"modified":"2026-01-22T23:20:52","modified_gmt":"2026-01-22T23:20:52","slug":"gaestebuch","status":"publish","type":"page","link":"https:\/\/www.kneippverein-ingolstadt.de\/?page_id=7634","title":{"rendered":"G\u00e4stebuch"},"content":{"rendered":"\t\t<div data-elementor-type=\"wp-page\" data-elementor-id=\"7634\" class=\"elementor elementor-7634\">\n\t\t\t\t<div class=\"elementor-element elementor-element-53cbc2d e-flex e-con-boxed e-con e-parent\" data-id=\"53cbc2d\" data-element_type=\"container\" data-e-type=\"container\">\n\t\t\t\t\t<div class=\"e-con-inner\">\n\t\t\t\t<div class=\"elementor-element elementor-element-0bfefd5 elementor-widget elementor-widget-heading\" data-id=\"0bfefd5\" data-element_type=\"widget\" data-e-type=\"widget\" data-widget_type=\"heading.default\">\n\t\t\t\t\t<h2 class=\"elementor-heading-title elementor-size-default\">Liebe Besucher dieser Website<\/h2>\t\t\t\t<\/div>\n\t\t\t\t<div class=\"elementor-element elementor-element-17cc881 elementor-widget elementor-widget-text-editor\" data-id=\"17cc881\" data-element_type=\"widget\" data-e-type=\"widget\" data-widget_type=\"text-editor.default\">\n\t\t\t\t\t\t\t\t\t<p>Der Kneippverein Ingolstadt e.V. freut sich \u00fcber Ihren Besuch auf unserer Website.<br \/>Wir hoffen da\u00df Ihnen unsere Website gef\u00e4llt.<br \/>F\u00fcr Anregungen und konstruktive Kritik sagen wir jetzt schon danke.<\/p>\t\t\t\t\t\t\t\t<\/div>\n\t\t\t\t\t<\/div>\n\t\t\t\t<\/div>\n\t\t<div class=\"elementor-element elementor-element-58d84dd5 e-flex e-con-boxed e-con e-parent\" data-id=\"58d84dd5\" data-element_type=\"container\" data-e-type=\"container\">\n\t\t\t\t\t<div class=\"e-con-inner\">\n\t\t\t\t<div class=\"elementor-element elementor-element-2bfc5653 elementor-widget elementor-widget-text-editor\" data-id=\"2bfc5653\" data-element_type=\"widget\" data-e-type=\"widget\" data-widget_type=\"text-editor.default\">\n\t\t\t\t\t\t\t\t\t<div class=\"gwolle-gb\">\n<div class=\"gwolle-gb-messages-top-container\"><\/div>\n<div class=\"gwolle-gb-write-button\">\n\t\t\t\t<input type=\"button\" name=\"gwolle-gb-write-button\" class=\"button btn btn-default \" value=\"Neuen Eintrag schreiben\" aria-expanded=\"false\" \/>\n\t\t\t<\/div>\n<form action=\"#\" method=\"POST\" class=\"gwolle-gb-write gwolle-gb-hide gwolle-gb-float gwolle-gb-form-ajax gwolle-gb-ajax gwolle-gb-not-logged-in\">\n<h3>Einen neuen Eintrag f\u00fcr das G\u00e4stebuch schreiben<\/h3>\n<p>\t\t\t\t<button type=\"button\" class=\"gb-notice-dismiss\">x<span class=\"screen-reader-text\">Dieses Formular ausblenden<\/span><\/button><\/p>\n<p>\t\t\t\t<input type=\"hidden\" name=\"gwolle_gb_function\" class=\"gwolle_gb_function\" value=\"add_entry\" \/><input type=\"hidden\" name=\"gwolle_gb_book_id\" class=\"gwolle_gb_book_id\" value=\"1\" \/><\/p>\n<div class=\"gwolle_gb_10c965ca0482de8158d3164072fe6741\">\n<div class=\"label\"><label for=\"gwolle_gb_10c965ca0482de8158d3164072fe6741-1\" class=\"text-info\">Name <span class=\"required\">*<\/span><\/label><\/div>\n<div class=\"input\"><input class=\"wp-exclude-emoji gwolle_gb_10c965ca0482de8158d3164072fe6741\" value=\"\" type=\"text\" id=\"gwolle_gb_10c965ca0482de8158d3164072fe6741-1\" name=\"gwolle_gb_10c965ca0482de8158d3164072fe6741\" required \/><\/div>\n<div class=\"clearBoth\">&nbsp;<\/div>\n<\/p><\/div>\n<div class=\"gwolle_gb_29230b1cf53173e535f40dcfbb08857a\">\n<div class=\"label\"><label for=\"gwolle_gb_29230b1cf53173e535f40dcfbb08857a-1\" class=\"text-info\">E-Mail<\/label><\/div>\n<div class=\"input\"><input class=\"gwolle_gb_29230b1cf53173e535f40dcfbb08857a\" value=\"\" type=\"email\" id=\"gwolle_gb_29230b1cf53173e535f40dcfbb08857a-1\" name=\"gwolle_gb_29230b1cf53173e535f40dcfbb08857a\" \/><\/div>\n<div class=\"clearBoth\">&nbsp;<\/div>\n<\/p><\/div>\n<div class=\"gwolle_gb_720c8489213cdefea8670af7e28b92c8\" style=\"display:none;overflow:hidden;\" hidden=\"true\" aria-hidden=\"true\">\n<div class=\"label\">\n\t\t\t\t\t<label for=\"gwolle_gb_720c8489213cdefea8670af7e28b92c8-1\" class=\"text-primary\">Hier nichts eingeben<\/label><br \/>\n\t\t\t\t\t<label for=\"gwolle_gb_6801b9adf7a47eee277b750e7a53cc34-1\" class=\"text-primary\">Hier nichts eingeben<\/label>\n\t\t\t\t<\/div>\n<div class=\"input\">\n\t\t\t\t\t<input value=\"56\" type=\"text\" id=\"gwolle_gb_720c8489213cdefea8670af7e28b92c8-1\" name=\"gwolle_gb_720c8489213cdefea8670af7e28b92c8\" class=\"gwolle_gb_720c8489213cdefea8670af7e28b92c8\" style=\"transform: translateY(10000px);\" \/><br \/>\n\t\t\t\t\t<input value=\"\" type=\"text\" name=\"gwolle_gb_6801b9adf7a47eee277b750e7a53cc34\" id=\"gwolle_gb_6801b9adf7a47eee277b750e7a53cc34-1\" class=\"gwolle_gb_6801b9adf7a47eee277b750e7a53cc34\" style=\"transform: translateY(10000px);\" \/>\n\t\t\t\t<\/div>\n<div class=\"clearBoth\"><\/div>\n<\/p><\/div>\n<div class=\"gwolle_gb_559e936a9c38100e48dcd1ebe72fddd8\" style=\"display:none;overflow:hidden;\" hidden=\"true\" aria-hidden=\"true\">\n<div class=\"label\">\n\t\t\t\t\t<label for=\"gwolle_gb_559e936a9c38100e48dcd1ebe72fddd8-1\" class=\"text-primary\">Hier nichts eingeben<\/label><br \/>\n\t\t\t\t\t<label for=\"gwolle_gb_3c9babc7acc8efcb9240fc0064b31d2b-1\" class=\"text-primary\">Hier nichts eingeben<\/label>\n\t\t\t\t<\/div>\n<div class=\"input\">\n\t\t\t\t\t<input value=\"17441\" type=\"text\" id=\"gwolle_gb_559e936a9c38100e48dcd1ebe72fddd8-1\" name=\"gwolle_gb_559e936a9c38100e48dcd1ebe72fddd8\" class=\"gwolle_gb_559e936a9c38100e48dcd1ebe72fddd8\" style=\"transform: translateY(10000px);\" \/><br \/>\n\t\t\t\t\t<input value=\"17441\" type=\"text\"id=\"gwolle_gb_3c9babc7acc8efcb9240fc0064b31d2b-1\" name=\"gwolle_gb_3c9babc7acc8efcb9240fc0064b31d2b\" class=\"gwolle_gb_3c9babc7acc8efcb9240fc0064b31d2b\" style=\"transform: translateY(10000px);\" \/>\n\t\t\t\t<\/div>\n<div class=\"clearBoth\"><\/div>\n<\/p><\/div>\n<div class=\"gwolle_gb_content\">\n<div class=\"label\"><label for=\"gwolle_gb_content-1\" class=\"text-info\">G\u00e4stebucheintrag <span class=\"required\">*<\/span><\/label><\/div>\n<div class=\"input\"><textarea id=\"gwolle_gb_content-1\" name=\"gwolle_gb_content\" class=\"gwolle_gb_content wp-exclude-emoji\" required ><\/textarea><\/div>\n<div class=\"clearBoth\">&nbsp;<\/div>\n<\/p><\/div>\n<p><input type=\"hidden\" class=\"gwolle_gb_71c33e10491c057b1a8ceb12425c41e1\" id=\"gwolle_gb_71c33e10491c057b1a8ceb12425c41e1-1\" name=\"gwolle_gb_71c33e10491c057b1a8ceb12425c41e1\" value=\"9cc4e381fa\" \/><\/p>\n<div class=\"gwolle-gb-messages-bottom-container\"><\/div>\n<p>\t\t\t<noscript><\/p>\n<div class=\"no-js\">Warnung: Dieses Formular kann nur verwendet werden, wenn in deinem Browser JavaScript aktiviert ist.<\/div>\n<p><\/noscript><\/p>\n<div class=\"gwolle_gb_submit gwolle-gb-submit\">\n<div class=\"label gwolle-gb-invisible text-muted\">&nbsp;<\/div>\n<div class=\"input\">\n\t\t\t\t\t<input type=\"submit\" name=\"gwolle_gb_submit\" class=\"gwolle_gb_submit button btn btn-primary \" value=\"Absenden\" \/><br \/>\n\t\t\t\t\t<span class=\"gwolle_gb_submit_ajax_icon gwolle-gb-submit-ajax-icon\"><\/span><\/p><\/div>\n<div class=\"clearBoth\">&nbsp;<\/div>\n<\/p><\/div>\n<div class=\"gwolle_gb_notice gwolle-gb-notice\">\n\t\t\t\tMit * gekennzeichnete Felder sind erforderlich. Deine E-Mail-Adresse wird nicht ver\u00f6ffentlicht. Es ist m\u00f6glich, dass dein Eintrag im G\u00e4stebuch erst sichtbar ist, nachdem wir ihn \u00fcberpr\u00fcft haben. Wir behalten uns vor, Eintr\u00e4ge zu bearbeiten, zu l\u00f6schen oder nicht zu ver\u00f6ffentlichen.\n\t\t\t<\/div>\n<\/form>\n<div class=\"gwolle-gb-read gwolle-gb-ajax gwolle-gb-entries-list\" data-book_id=\"1\">(Noch keine Eintr\u00e4ge)<\/div>\n<\/div>\n\n<div class=\"wp-block-cover alignfull is-light\" style=\"margin-top: 0; padding: 5vw;\">\n<div class=\"wp-block-cover__inner-container is-layout-flow wp-block-cover-is-layout-flow\">\n<div class=\"wp-block-group is-layout-flex wp-container-core-group-is-layout-87ee99ac wp-block-group-is-layout-flex\">\n<div class=\"wp-block-group wp-container-content-8eb0bdf3\"><div class=\"wp-block-group__inner-container is-layout-flow wp-block-group-is-layout-flow\"><\/div>\n<\/div>\n<\/div>\n<\/div>\n<div class=\"wp-block-cover alignfull is-light wp-container-content-aeb25491\" style=\"margin-top: 0; padding: 5vw;\">\n<div class=\"wp-block-cover__inner-container\">\n<div class=\"wp-block-group\">\n<div class=\"wp-block-group\">\n<p class=\"has-text-align-right has-white-color has-text-color\" style=\"font-size: 148px; font-style: normal; font-weight: bold; letter-spacing: -4px; line-height: 0.8; text-transform: uppercase;\">\u00a0<\/p>\n<\/div><\/div>\n<\/div>\n<\/div>\n<\/div>\n\t\t\t\t\t\t\t\t<\/div>\n\t\t\t\t\t<\/div>\n\t\t\t\t<\/div>\n\t\t\t\t<\/div>\n\t\t","protected":false},"excerpt":{"rendered":"<p>Liebe Besucher dieser Website Der Kneippverein Ingolstadt e.V. freut sich \u00fcber Ihren Besuch auf unserer Website.Wir hoffen da\u00df Ihnen unsere Website gef\u00e4llt.F\u00fcr Anregungen und konstruktive Kritik sagen wir jetzt schon danke.<\/p>\n","protected":false},"author":5,"featured_media":0,"parent":0,"menu_order":0,"comment_status":"closed","ping_status":"closed","template":"","meta":{"_eb_attr":"","ngg_post_thumbnail":0,"footnotes":""},"class_list":["post-7634","page","type-page","status-publish","hentry"],"_links":{"self":[{"href":"https:\/\/www.kneippverein-ingolstadt.de\/index.php?rest_route=\/wp\/v2\/pages\/7634","targetHints":{"allow":["GET"]}}],"collection":[{"href":"https:\/\/www.kneippverein-ingolstadt.de\/index.php?rest_route=\/wp\/v2\/pages"}],"about":[{"href":"https:\/\/www.kneippverein-ingolstadt.de\/index.php?rest_route=\/wp\/v2\/types\/page"}],"author":[{"embeddable":true,"href":"https:\/\/www.kneippverein-ingolstadt.de\/index.php?rest_route=\/wp\/v2\/users\/5"}],"replies":[{"embeddable":true,"href":"https:\/\/www.kneippverein-ingolstadt.de\/index.php?rest_route=%2Fwp%2Fv2%2Fcomments&post=7634"}],"version-history":[{"count":26,"href":"https:\/\/www.kneippverein-ingolstadt.de\/index.php?rest_route=\/wp\/v2\/pages\/7634\/revisions"}],"predecessor-version":[{"id":7666,"href":"https:\/\/www.kneippverein-ingolstadt.de\/index.php?rest_route=\/wp\/v2\/pages\/7634\/revisions\/7666"}],"wp:attachment":[{"href":"https:\/\/www.kneippverein-ingolstadt.de\/index.php?rest_route=%2Fwp%2Fv2%2Fmedia&parent=7634"}],"curies":[{"name":"wp","href":"https:\/\/api.w.org\/{rel}","templated":true}]}}